{"id":2223,"date":"2025-02-06T17:52:44","date_gmt":"2025-02-06T16:52:44","guid":{"rendered":"https:\/\/meshkalla.edu.al\/?page_id=2223"},"modified":"2025-02-06T17:52:44","modified_gmt":"2025-02-06T16:52:44","slug":"safeguarding-policy","status":"publish","type":"page","link":"https:\/\/meshkalla.edu.al\/en\/academics\/safeguarding-policy\/","title":{"rendered":"Safeguarding Policy"},"content":{"rendered":"<p>Private Gymnasium &#8220;At\u00eb Pjet\u00ebr Meshkalla,&#8221; part of the &#8220;Gesuiti Educazione&#8221; Foundation, led by the Jesuit Fathers, offers inclusive and quality education, dedicated to addressing the challenges of youth and the issues of Albanian society. As a member of the Albanian Catholic Education Commission (KKEKSH), the school has developed and implemented a Child Protection Policy based on Albanian legislation, KKEKSH guidelines, and international best practices. This policy aims to prevent and protect all students from any form of abuse, including those in vulnerable situations.<\/p>\n<p>The structure of the Protection Policy includes the appointment of a representative from KKEKSH and an internal reference person within the school to coordinate the implementation of protective measures and address any concerns related to student protection. These representatives are trained and supported to ensure the highest standards of protection are implemented, working closely with administrators, students, and parents. The policy also includes elements to prevent bullying and adheres to international standards for case management.<\/p>\n<p>For more information and the complete documentation of the Child Protection Policy, click here: <a href=\"https:\/\/meshkalla.edu.al\/wp-content\/uploads\/2025\/02\/Safeguarding-Policy-website.pdf\">Safeguarding Policy website<\/a><\/p>\n","protected":false},"excerpt":{"rendered":"<p>Private Gymnasium &#8220;At\u00eb Pjet\u00ebr Meshkalla,&#8221; part of the &#8220;Gesuiti Educazione&#8221; Foundation, led by the Jesuit Fathers, offers inclusive and quality education, dedicated to addressing the challenges of youth and the issues of Albanian society. As a member of the Albanian Catholic Education Commission (KKEKSH), the school has developed and implemented<a class=\"continua\" href=\"https:\/\/meshkalla.edu.al\/en\/academics\/safeguarding-policy\/\"> [read more&#8230;]<\/a><\/p>\n","protected":false},"author":45,"featured_media":2216,"parent":556,"menu_order":0,"comment_status":"closed","ping_status":"closed","template":"","meta":{"footnotes":""},"class_list":["post-2223","page","type-page","status-publish","has-post-thumbnail","hentry"],"yoast_head":"<!-- This site is optimized with the Yoast SEO plugin v25.6 - https:\/\/yoast.com\/wordpress\/plugins\/seo\/ -->\n<title>Safeguarding Policy - Pjet\u00ebr Meshkalla Institute<\/title>\n<meta name=\"robots\" content=\"index, follow, max-snippet:-1, max-image-preview:large, max-video-preview:-1\" \/>\n<link rel=\"canonical\" href=\"https:\/\/meshkalla.edu.al\/en\/academics\/safeguarding-policy\/\" \/>\n<meta property=\"og:locale\" content=\"en_US\" \/>\n<meta property=\"og:type\" content=\"article\" \/>\n<meta property=\"og:title\" content=\"Safeguarding Policy - Pjet\u00ebr Meshkalla Institute\" \/>\n<meta property=\"og:description\" content=\"Private Gymnasium &#8220;At\u00eb Pjet\u00ebr Meshkalla,&#8221; part of the &#8220;Gesuiti Educazione&#8221; Foundation, led by the Jesuit Fathers, offers inclusive and quality education, dedicated to addressing the challenges of youth and the issues of Albanian society. As a member of the Albanian Catholic Education Commission (KKEKSH), the school has developed and implemented [read more...]\" \/>\n<meta property=\"og:url\" content=\"https:\/\/meshkalla.edu.al\/en\/academics\/safeguarding-policy\/\" \/>\n<meta property=\"og:site_name\" content=\"Pjet\u00ebr Meshkalla Institute\" \/>\n<meta property=\"og:image\" content=\"https:\/\/meshkalla.edu.al\/wp-content\/uploads\/2025\/02\/Safeguarding.png\" \/>\n\t<meta property=\"og:image:width\" content=\"225\" \/>\n\t<meta property=\"og:image:height\" content=\"225\" \/>\n\t<meta property=\"og:image:type\" content=\"image\/png\" \/>\n<meta name=\"twitter:card\" content=\"summary_large_image\" \/>\n<meta name=\"twitter:label1\" content=\"Est. reading time\" \/>\n\t<meta name=\"twitter:data1\" content=\"1 minute\" \/>\n<script type=\"application\/ld+json\" class=\"yoast-schema-graph\">{\"@context\":\"https:\/\/schema.org\",\"@graph\":[{\"@type\":\"WebPage\",\"@id\":\"https:\/\/meshkalla.edu.al\/en\/academics\/safeguarding-policy\/\",\"url\":\"https:\/\/meshkalla.edu.al\/en\/academics\/safeguarding-policy\/\",\"name\":\"Safeguarding Policy - Pjet\u00ebr Meshkalla Institute\",\"isPartOf\":{\"@id\":\"https:\/\/meshkalla.edu.al\/#website\"},\"primaryImageOfPage\":{\"@id\":\"https:\/\/meshkalla.edu.al\/en\/academics\/safeguarding-policy\/#primaryimage\"},\"image\":{\"@id\":\"https:\/\/meshkalla.edu.al\/en\/academics\/safeguarding-policy\/#primaryimage\"},\"thumbnailUrl\":\"https:\/\/meshkalla.edu.al\/wp-content\/uploads\/2025\/02\/Safeguarding.png\",\"datePublished\":\"2025-02-06T16:52:44+00:00\",\"breadcrumb\":{\"@id\":\"https:\/\/meshkalla.edu.al\/en\/academics\/safeguarding-policy\/#breadcrumb\"},\"inLanguage\":\"en-US\",\"potentialAction\":[{\"@type\":\"ReadAction\",\"target\":[\"https:\/\/meshkalla.edu.al\/en\/academics\/safeguarding-policy\/\"]}]},{\"@type\":\"ImageObject\",\"inLanguage\":\"en-US\",\"@id\":\"https:\/\/meshkalla.edu.al\/en\/academics\/safeguarding-policy\/#primaryimage\",\"url\":\"https:\/\/meshkalla.edu.al\/wp-content\/uploads\/2025\/02\/Safeguarding.png\",\"contentUrl\":\"https:\/\/meshkalla.edu.al\/wp-content\/uploads\/2025\/02\/Safeguarding.png\",\"width\":225,\"height\":225},{\"@type\":\"BreadcrumbList\",\"@id\":\"https:\/\/meshkalla.edu.al\/en\/academics\/safeguarding-policy\/#breadcrumb\",\"itemListElement\":[{\"@type\":\"ListItem\",\"position\":1,\"name\":\"Home\",\"item\":\"https:\/\/meshkalla.edu.al\/\"},{\"@type\":\"ListItem\",\"position\":2,\"name\":\"Academics\",\"item\":\"https:\/\/meshkalla.edu.al\/en\/academics\/\"},{\"@type\":\"ListItem\",\"position\":3,\"name\":\"Safeguarding Policy\"}]},{\"@type\":\"WebSite\",\"@id\":\"https:\/\/meshkalla.edu.al\/#website\",\"url\":\"https:\/\/meshkalla.edu.al\/\",\"name\":\"Pjet\u00ebr Meshkalla Institute\",\"description\":\"School of the GesuitiEducazione Network\",\"potentialAction\":[{\"@type\":\"SearchAction\",\"target\":{\"@type\":\"EntryPoint\",\"urlTemplate\":\"https:\/\/meshkalla.edu.al\/?s={search_term_string}\"},\"query-input\":{\"@type\":\"PropertyValueSpecification\",\"valueRequired\":true,\"valueName\":\"search_term_string\"}}],\"inLanguage\":\"en-US\"}]}<\/script>\n<!-- \/ Yoast SEO plugin. -->","yoast_head_json":{"title":"Safeguarding Policy - Pjet\u00ebr Meshkalla Institute","robots":{"index":"index","follow":"follow","max-snippet":"max-snippet:-1","max-image-preview":"max-image-preview:large","max-video-preview":"max-video-preview:-1"},"canonical":"https:\/\/meshkalla.edu.al\/en\/academics\/safeguarding-policy\/","og_locale":"en_US","og_type":"article","og_title":"Safeguarding Policy - Pjet\u00ebr Meshkalla Institute","og_description":"Private Gymnasium &#8220;At\u00eb Pjet\u00ebr Meshkalla,&#8221; part of the &#8220;Gesuiti Educazione&#8221; Foundation, led by the Jesuit Fathers, offers inclusive and quality education, dedicated to addressing the challenges of youth and the issues of Albanian society. As a member of the Albanian Catholic Education Commission (KKEKSH), the school has developed and implemented [read more...]","og_url":"https:\/\/meshkalla.edu.al\/en\/academics\/safeguarding-policy\/","og_site_name":"Pjet\u00ebr Meshkalla Institute","og_image":[{"width":225,"height":225,"url":"https:\/\/meshkalla.edu.al\/wp-content\/uploads\/2025\/02\/Safeguarding.png","type":"image\/png"}],"twitter_card":"summary_large_image","twitter_misc":{"Est. reading time":"1 minute"},"schema":{"@context":"https:\/\/schema.org","@graph":[{"@type":"WebPage","@id":"https:\/\/meshkalla.edu.al\/en\/academics\/safeguarding-policy\/","url":"https:\/\/meshkalla.edu.al\/en\/academics\/safeguarding-policy\/","name":"Safeguarding Policy - Pjet\u00ebr Meshkalla Institute","isPartOf":{"@id":"https:\/\/meshkalla.edu.al\/#website"},"primaryImageOfPage":{"@id":"https:\/\/meshkalla.edu.al\/en\/academics\/safeguarding-policy\/#primaryimage"},"image":{"@id":"https:\/\/meshkalla.edu.al\/en\/academics\/safeguarding-policy\/#primaryimage"},"thumbnailUrl":"https:\/\/meshkalla.edu.al\/wp-content\/uploads\/2025\/02\/Safeguarding.png","datePublished":"2025-02-06T16:52:44+00:00","breadcrumb":{"@id":"https:\/\/meshkalla.edu.al\/en\/academics\/safeguarding-policy\/#breadcrumb"},"inLanguage":"en-US","potentialAction":[{"@type":"ReadAction","target":["https:\/\/meshkalla.edu.al\/en\/academics\/safeguarding-policy\/"]}]},{"@type":"ImageObject","inLanguage":"en-US","@id":"https:\/\/meshkalla.edu.al\/en\/academics\/safeguarding-policy\/#primaryimage","url":"https:\/\/meshkalla.edu.al\/wp-content\/uploads\/2025\/02\/Safeguarding.png","contentUrl":"https:\/\/meshkalla.edu.al\/wp-content\/uploads\/2025\/02\/Safeguarding.png","width":225,"height":225},{"@type":"BreadcrumbList","@id":"https:\/\/meshkalla.edu.al\/en\/academics\/safeguarding-policy\/#breadcrumb","itemListElement":[{"@type":"ListItem","position":1,"name":"Home","item":"https:\/\/meshkalla.edu.al\/"},{"@type":"ListItem","position":2,"name":"Academics","item":"https:\/\/meshkalla.edu.al\/en\/academics\/"},{"@type":"ListItem","position":3,"name":"Safeguarding Policy"}]},{"@type":"WebSite","@id":"https:\/\/meshkalla.edu.al\/#website","url":"https:\/\/meshkalla.edu.al\/","name":"Pjet\u00ebr Meshkalla Institute","description":"School of the GesuitiEducazione Network","potentialAction":[{"@type":"SearchAction","target":{"@type":"EntryPoint","urlTemplate":"https:\/\/meshkalla.edu.al\/?s={search_term_string}"},"query-input":{"@type":"PropertyValueSpecification","valueRequired":true,"valueName":"search_term_string"}}],"inLanguage":"en-US"}]}},"_links":{"self":[{"href":"https:\/\/meshkalla.edu.al\/en\/wp-json\/wp\/v2\/pages\/2223"}],"collection":[{"href":"https:\/\/meshkalla.edu.al\/en\/wp-json\/wp\/v2\/pages"}],"about":[{"href":"https:\/\/meshkalla.edu.al\/en\/wp-json\/wp\/v2\/types\/page"}],"author":[{"embeddable":true,"href":"https:\/\/meshkalla.edu.al\/en\/wp-json\/wp\/v2\/users\/45"}],"replies":[{"embeddable":true,"href":"https:\/\/meshkalla.edu.al\/en\/wp-json\/wp\/v2\/comments?post=2223"}],"version-history":[{"count":1,"href":"https:\/\/meshkalla.edu.al\/en\/wp-json\/wp\/v2\/pages\/2223\/revisions"}],"predecessor-version":[{"id":2227,"href":"https:\/\/meshkalla.edu.al\/en\/wp-json\/wp\/v2\/pages\/2223\/revisions\/2227"}],"up":[{"embeddable":true,"href":"https:\/\/meshkalla.edu.al\/en\/wp-json\/wp\/v2\/pages\/556"}],"wp:featuredmedia":[{"embeddable":true,"href":"https:\/\/meshkalla.edu.al\/en\/wp-json\/wp\/v2\/media\/2216"}],"wp:attachment":[{"href":"https:\/\/meshkalla.edu.al\/en\/wp-json\/wp\/v2\/media?parent=2223"}],"curies":[{"name":"wp","href":"https:\/\/api.w.org\/{rel}","templated":true}]}}