{"id":544,"date":"2015-11-08T17:33:44","date_gmt":"2015-11-08T16:33:44","guid":{"rendered":"http:\/\/meshkalla.gesuiti.it\/?page_id=544&#038;lang=en"},"modified":"2024-10-28T14:29:02","modified_gmt":"2024-10-28T13:29:02","slug":"about-us","status":"publish","type":"page","link":"https:\/\/meshkalla.edu.al\/en\/about-us\/about-us\/","title":{"rendered":"Who are we today"},"content":{"rendered":"<p>Who We Are Today<br \/>\nThe private high school &#8220;At\u00eb Pjet\u00ebr Meshkalla,&#8221; led by Jesuit Fathers and part of the &#8220;Gesuiti Educazione&#8221; Foundation, provides high-quality, inclusive education sensitive to the issues in Albanian society and the youth world.<br \/>\nAs part of the broader &#8220;Gesuiti Educazione&#8221; Foundation network, which includes schools in Milan, Turin, Rome, Naples, Palermo, Messina, and Malta, it serves around 7,000 students and hundreds of educators from preschool to high school, embracing the challenges of contemporary education while sharing the Jesuit ideal of high-quality learning.<\/p>\n<p>School Characteristics<br \/>\nThe &#8220;At\u00eb Pjet\u00ebr Meshkalla&#8221; High School is a private secondary school open to all, free of discrimination. It follows the Albanian pre-university system with a three-year curriculum that includes compulsory core subjects and electives chosen by students.<\/p>\n<p>The school places particular emphasis on the continuous professional development of its staff to meet modern educational challenges. With supportive environments, classrooms, and laboratories, the school ensures a well-rounded didactic and human education. It welcomes everyone who wishes to pursue our didactic offer that promotes human and formative excellence.<\/p>\n<p>&nbsp;<\/p>\n<p>&nbsp;<\/p>\n","protected":false},"excerpt":{"rendered":"<p>Who We Are Today The private high school &#8220;At\u00eb Pjet\u00ebr Meshkalla,&#8221; led by Jesuit Fathers and part of the &#8220;Gesuiti Educazione&#8221; Foundation, provides high-quality, inclusive education sensitive to the issues in Albanian society and the youth world. As part of the broader &#8220;Gesuiti Educazione&#8221; Foundation network, which includes schools in<a class=\"continua\" href=\"https:\/\/meshkalla.edu.al\/en\/about-us\/about-us\/\"> [read more&#8230;]<\/a><\/p>\n","protected":false},"author":45,"featured_media":1121,"parent":542,"menu_order":1,"comment_status":"closed","ping_status":"closed","template":"","meta":{"footnotes":""},"class_list":["post-544","page","type-page","status-publish","has-post-thumbnail","hentry"],"yoast_head":"<!-- This site is optimized with the Yoast SEO plugin v25.6 - https:\/\/yoast.com\/wordpress\/plugins\/seo\/ -->\n<title>Who are we today - Pjet\u00ebr Meshkalla Institute<\/title>\n<meta name=\"robots\" content=\"index, follow, max-snippet:-1, max-image-preview:large, max-video-preview:-1\" \/>\n<link rel=\"canonical\" href=\"https:\/\/meshkalla.edu.al\/en\/about-us\/about-us\/\" \/>\n<meta property=\"og:locale\" content=\"en_US\" \/>\n<meta property=\"og:type\" content=\"article\" \/>\n<meta property=\"og:title\" content=\"Who are we today - Pjet\u00ebr Meshkalla Institute\" \/>\n<meta property=\"og:description\" content=\"Who We Are Today The private high school &#8220;At\u00eb Pjet\u00ebr Meshkalla,&#8221; led by Jesuit Fathers and part of the &#8220;Gesuiti Educazione&#8221; Foundation, provides high-quality, inclusive education sensitive to the issues in Albanian society and the youth world. As part of the broader &#8220;Gesuiti Educazione&#8221; Foundation network, which includes schools in [read more...]\" \/>\n<meta property=\"og:url\" content=\"https:\/\/meshkalla.edu.al\/en\/about-us\/about-us\/\" \/>\n<meta property=\"og:site_name\" content=\"Pjet\u00ebr Meshkalla Institute\" \/>\n<meta property=\"article:modified_time\" content=\"2024-10-28T13:29:02+00:00\" \/>\n<meta property=\"og:image\" content=\"https:\/\/meshkalla.edu.al\/wp-content\/uploads\/2015\/12\/pjetri.apm_.jpg\" \/>\n\t<meta property=\"og:image:width\" content=\"540\" \/>\n\t<meta property=\"og:image:height\" content=\"540\" \/>\n\t<meta property=\"og:image:type\" content=\"image\/jpeg\" \/>\n<meta name=\"twitter:card\" content=\"summary_large_image\" \/>\n<meta name=\"twitter:label1\" content=\"Est. reading time\" \/>\n\t<meta name=\"twitter:data1\" content=\"1 minute\" \/>\n<script type=\"application\/ld+json\" class=\"yoast-schema-graph\">{\"@context\":\"https:\/\/schema.org\",\"@graph\":[{\"@type\":\"WebPage\",\"@id\":\"https:\/\/meshkalla.edu.al\/en\/about-us\/about-us\/\",\"url\":\"https:\/\/meshkalla.edu.al\/en\/about-us\/about-us\/\",\"name\":\"Who are we today - Pjet\u00ebr Meshkalla Institute\",\"isPartOf\":{\"@id\":\"https:\/\/meshkalla.edu.al\/#website\"},\"primaryImageOfPage\":{\"@id\":\"https:\/\/meshkalla.edu.al\/en\/about-us\/about-us\/#primaryimage\"},\"image\":{\"@id\":\"https:\/\/meshkalla.edu.al\/en\/about-us\/about-us\/#primaryimage\"},\"thumbnailUrl\":\"https:\/\/meshkalla.edu.al\/wp-content\/uploads\/2015\/12\/pjetri.apm_.jpg\",\"datePublished\":\"2015-11-08T16:33:44+00:00\",\"dateModified\":\"2024-10-28T13:29:02+00:00\",\"breadcrumb\":{\"@id\":\"https:\/\/meshkalla.edu.al\/en\/about-us\/about-us\/#breadcrumb\"},\"inLanguage\":\"en-US\",\"potentialAction\":[{\"@type\":\"ReadAction\",\"target\":[\"https:\/\/meshkalla.edu.al\/en\/about-us\/about-us\/\"]}]},{\"@type\":\"ImageObject\",\"inLanguage\":\"en-US\",\"@id\":\"https:\/\/meshkalla.edu.al\/en\/about-us\/about-us\/#primaryimage\",\"url\":\"https:\/\/meshkalla.edu.al\/wp-content\/uploads\/2015\/12\/pjetri.apm_.jpg\",\"contentUrl\":\"https:\/\/meshkalla.edu.al\/wp-content\/uploads\/2015\/12\/pjetri.apm_.jpg\",\"width\":540,\"height\":540},{\"@type\":\"BreadcrumbList\",\"@id\":\"https:\/\/meshkalla.edu.al\/en\/about-us\/about-us\/#breadcrumb\",\"itemListElement\":[{\"@type\":\"ListItem\",\"position\":1,\"name\":\"Home\",\"item\":\"https:\/\/meshkalla.edu.al\/\"},{\"@type\":\"ListItem\",\"position\":2,\"name\":\"About Us\",\"item\":\"https:\/\/meshkalla.edu.al\/en\/about-us\/\"},{\"@type\":\"ListItem\",\"position\":3,\"name\":\"Who are we today\"}]},{\"@type\":\"WebSite\",\"@id\":\"https:\/\/meshkalla.edu.al\/#website\",\"url\":\"https:\/\/meshkalla.edu.al\/\",\"name\":\"Pjet\u00ebr Meshkalla Institute\",\"description\":\"School of the GesuitiEducazione Network\",\"potentialAction\":[{\"@type\":\"SearchAction\",\"target\":{\"@type\":\"EntryPoint\",\"urlTemplate\":\"https:\/\/meshkalla.edu.al\/?s={search_term_string}\"},\"query-input\":{\"@type\":\"PropertyValueSpecification\",\"valueRequired\":true,\"valueName\":\"search_term_string\"}}],\"inLanguage\":\"en-US\"}]}<\/script>\n<!-- \/ Yoast SEO plugin. -->","yoast_head_json":{"title":"Who are we today - Pjet\u00ebr Meshkalla Institute","robots":{"index":"index","follow":"follow","max-snippet":"max-snippet:-1","max-image-preview":"max-image-preview:large","max-video-preview":"max-video-preview:-1"},"canonical":"https:\/\/meshkalla.edu.al\/en\/about-us\/about-us\/","og_locale":"en_US","og_type":"article","og_title":"Who are we today - Pjet\u00ebr Meshkalla Institute","og_description":"Who We Are Today The private high school &#8220;At\u00eb Pjet\u00ebr Meshkalla,&#8221; led by Jesuit Fathers and part of the &#8220;Gesuiti Educazione&#8221; Foundation, provides high-quality, inclusive education sensitive to the issues in Albanian society and the youth world. As part of the broader &#8220;Gesuiti Educazione&#8221; Foundation network, which includes schools in [read more...]","og_url":"https:\/\/meshkalla.edu.al\/en\/about-us\/about-us\/","og_site_name":"Pjet\u00ebr Meshkalla Institute","article_modified_time":"2024-10-28T13:29:02+00:00","og_image":[{"width":540,"height":540,"url":"https:\/\/meshkalla.edu.al\/wp-content\/uploads\/2015\/12\/pjetri.apm_.jpg","type":"image\/jpeg"}],"twitter_card":"summary_large_image","twitter_misc":{"Est. reading time":"1 minute"},"schema":{"@context":"https:\/\/schema.org","@graph":[{"@type":"WebPage","@id":"https:\/\/meshkalla.edu.al\/en\/about-us\/about-us\/","url":"https:\/\/meshkalla.edu.al\/en\/about-us\/about-us\/","name":"Who are we today - Pjet\u00ebr Meshkalla Institute","isPartOf":{"@id":"https:\/\/meshkalla.edu.al\/#website"},"primaryImageOfPage":{"@id":"https:\/\/meshkalla.edu.al\/en\/about-us\/about-us\/#primaryimage"},"image":{"@id":"https:\/\/meshkalla.edu.al\/en\/about-us\/about-us\/#primaryimage"},"thumbnailUrl":"https:\/\/meshkalla.edu.al\/wp-content\/uploads\/2015\/12\/pjetri.apm_.jpg","datePublished":"2015-11-08T16:33:44+00:00","dateModified":"2024-10-28T13:29:02+00:00","breadcrumb":{"@id":"https:\/\/meshkalla.edu.al\/en\/about-us\/about-us\/#breadcrumb"},"inLanguage":"en-US","potentialAction":[{"@type":"ReadAction","target":["https:\/\/meshkalla.edu.al\/en\/about-us\/about-us\/"]}]},{"@type":"ImageObject","inLanguage":"en-US","@id":"https:\/\/meshkalla.edu.al\/en\/about-us\/about-us\/#primaryimage","url":"https:\/\/meshkalla.edu.al\/wp-content\/uploads\/2015\/12\/pjetri.apm_.jpg","contentUrl":"https:\/\/meshkalla.edu.al\/wp-content\/uploads\/2015\/12\/pjetri.apm_.jpg","width":540,"height":540},{"@type":"BreadcrumbList","@id":"https:\/\/meshkalla.edu.al\/en\/about-us\/about-us\/#breadcrumb","itemListElement":[{"@type":"ListItem","position":1,"name":"Home","item":"https:\/\/meshkalla.edu.al\/"},{"@type":"ListItem","position":2,"name":"About Us","item":"https:\/\/meshkalla.edu.al\/en\/about-us\/"},{"@type":"ListItem","position":3,"name":"Who are we today"}]},{"@type":"WebSite","@id":"https:\/\/meshkalla.edu.al\/#website","url":"https:\/\/meshkalla.edu.al\/","name":"Pjet\u00ebr Meshkalla Institute","description":"School of the GesuitiEducazione Network","potentialAction":[{"@type":"SearchAction","target":{"@type":"EntryPoint","urlTemplate":"https:\/\/meshkalla.edu.al\/?s={search_term_string}"},"query-input":{"@type":"PropertyValueSpecification","valueRequired":true,"valueName":"search_term_string"}}],"inLanguage":"en-US"}]}},"_links":{"self":[{"href":"https:\/\/meshkalla.edu.al\/en\/wp-json\/wp\/v2\/pages\/544"}],"collection":[{"href":"https:\/\/meshkalla.edu.al\/en\/wp-json\/wp\/v2\/pages"}],"about":[{"href":"https:\/\/meshkalla.edu.al\/en\/wp-json\/wp\/v2\/types\/page"}],"author":[{"embeddable":true,"href":"https:\/\/meshkalla.edu.al\/en\/wp-json\/wp\/v2\/users\/45"}],"replies":[{"embeddable":true,"href":"https:\/\/meshkalla.edu.al\/en\/wp-json\/wp\/v2\/comments?post=544"}],"version-history":[{"count":6,"href":"https:\/\/meshkalla.edu.al\/en\/wp-json\/wp\/v2\/pages\/544\/revisions"}],"predecessor-version":[{"id":2174,"href":"https:\/\/meshkalla.edu.al\/en\/wp-json\/wp\/v2\/pages\/544\/revisions\/2174"}],"up":[{"embeddable":true,"href":"https:\/\/meshkalla.edu.al\/en\/wp-json\/wp\/v2\/pages\/542"}],"wp:featuredmedia":[{"embeddable":true,"href":"https:\/\/meshkalla.edu.al\/en\/wp-json\/wp\/v2\/media\/1121"}],"wp:attachment":[{"href":"https:\/\/meshkalla.edu.al\/en\/wp-json\/wp\/v2\/media?parent=544"}],"curies":[{"name":"wp","href":"https:\/\/api.w.org\/{rel}","templated":true}]}}