{"id":1477,"date":"2015-12-23T22:42:04","date_gmt":"2015-12-23T21:42:04","guid":{"rendered":"http:\/\/meshkalla.gesuiti.it\/?page_id=1477&#038;lang=it"},"modified":"2024-11-25T11:36:05","modified_gmt":"2024-11-25T10:36:05","slug":"auditorium","status":"publish","type":"page","link":"https:\/\/meshkalla.edu.al\/it\/struttura\/auditorium\/","title":{"rendered":"Auditorium"},"content":{"rendered":"<p><strong>Auditorium della Scuola &#8220;At\u00eb Pjet\u00ebr Meshkalla&#8221;<\/strong><\/p>\n<p>L&#8217;auditorium della scuola &#8220;At\u00eb Pjet\u00ebr Meshkalla&#8221; \u00e8 uno spazio moderno e ispiratore, progettato per sostenere lo sviluppo completo dei nostri studenti, secondo la filosofia educativa ignaziana. Dotato di tecnologie audiovisive all&#8217;avanguardia e di un&#8217;acustica di alta qualit\u00e0, l&#8217;auditorium funge da centro per attivit\u00e0 creative e accademiche, consentendo agli studenti di esprimere i loro talenti in un ambiente professionale.<\/p>\n<p>Gli studenti utilizzano questo spazio per concerti, presentazioni e performance teatrali, vivendo l\u2019emozione di far parte di un ampio pubblico e imparando i valori della collaborazione e della leadership. Ogni attivit\u00e0 svolta in questo auditorium aiuta gli studenti a sviluppare competenze fondamentali per la vita, come la comunicazione, la fiducia in s\u00e9 stessi e l\u2019impegno responsabile.<\/p>\n<p>L\u2019auditorium \u00e8 inoltre aperto alla comunit\u00e0 per conferenze, proiezioni cinematografiche e altre attivit\u00e0 culturali.<\/p>\n<p><strong>Per chi fosse interessato a utilizzare questo spazio, \u00e8 possibile contattare il numero: 0674014238.<\/strong><\/p>\n","protected":false},"excerpt":{"rendered":"<p>Auditorium della Scuola &#8220;At\u00eb Pjet\u00ebr Meshkalla&#8221; L&#8217;auditorium della scuola &#8220;At\u00eb Pjet\u00ebr Meshkalla&#8221; \u00e8 uno spazio moderno e ispiratore, progettato per sostenere lo sviluppo completo dei nostri studenti, secondo la filosofia educativa ignaziana. Dotato di tecnologie audiovisive all&#8217;avanguardia e di un&#8217;acustica di alta qualit\u00e0, l&#8217;auditorium funge da centro per attivit\u00e0 creative<a class=\"continua\" href=\"https:\/\/meshkalla.edu.al\/it\/struttura\/auditorium\/\"> [continua&#8230;]<\/a><\/p>\n","protected":false},"author":45,"featured_media":908,"parent":1002,"menu_order":0,"comment_status":"closed","ping_status":"closed","template":"","meta":{"footnotes":""},"class_list":["post-1477","page","type-page","status-publish","has-post-thumbnail","hentry"],"yoast_head":"<!-- This site is optimized with the Yoast SEO plugin v25.6 - https:\/\/yoast.com\/wordpress\/plugins\/seo\/ -->\n<title>Auditorium - Pjet\u00ebr Meshkalla Institute<\/title>\n<meta name=\"robots\" content=\"index, follow, max-snippet:-1, max-image-preview:large, max-video-preview:-1\" \/>\n<link rel=\"canonical\" href=\"https:\/\/meshkalla.edu.al\/it\/struttura\/auditorium\/\" \/>\n<meta property=\"og:locale\" content=\"it_IT\" \/>\n<meta property=\"og:type\" content=\"article\" \/>\n<meta property=\"og:title\" content=\"Auditorium - Pjet\u00ebr Meshkalla Institute\" \/>\n<meta property=\"og:description\" content=\"Auditorium della Scuola &#8220;At\u00eb Pjet\u00ebr Meshkalla&#8221; L&#8217;auditorium della scuola &#8220;At\u00eb Pjet\u00ebr Meshkalla&#8221; \u00e8 uno spazio moderno e ispiratore, progettato per sostenere lo sviluppo completo dei nostri studenti, secondo la filosofia educativa ignaziana. Dotato di tecnologie audiovisive all&#8217;avanguardia e di un&#8217;acustica di alta qualit\u00e0, l&#8217;auditorium funge da centro per attivit\u00e0 creative [continua...]\" \/>\n<meta property=\"og:url\" content=\"https:\/\/meshkalla.edu.al\/it\/struttura\/auditorium\/\" \/>\n<meta property=\"og:site_name\" content=\"Pjet\u00ebr Meshkalla Institute\" \/>\n<meta property=\"article:modified_time\" content=\"2024-11-25T10:36:05+00:00\" \/>\n<meta property=\"og:image\" content=\"https:\/\/meshkalla.edu.al\/wp-content\/uploads\/2015\/07\/DSC_0849.jpg\" \/>\n\t<meta property=\"og:image:width\" content=\"929\" \/>\n\t<meta property=\"og:image:height\" content=\"622\" \/>\n\t<meta property=\"og:image:type\" content=\"image\/jpeg\" \/>\n<meta name=\"twitter:card\" content=\"summary_large_image\" \/>\n<meta name=\"twitter:label1\" content=\"Tempo di lettura stimato\" \/>\n\t<meta name=\"twitter:data1\" content=\"1 minuto\" \/>\n<script type=\"application\/ld+json\" class=\"yoast-schema-graph\">{\"@context\":\"https:\/\/schema.org\",\"@graph\":[{\"@type\":\"WebPage\",\"@id\":\"https:\/\/meshkalla.edu.al\/it\/struttura\/auditorium\/\",\"url\":\"https:\/\/meshkalla.edu.al\/it\/struttura\/auditorium\/\",\"name\":\"Auditorium - Pjet\u00ebr Meshkalla Institute\",\"isPartOf\":{\"@id\":\"https:\/\/meshkalla.edu.al\/#website\"},\"primaryImageOfPage\":{\"@id\":\"https:\/\/meshkalla.edu.al\/it\/struttura\/auditorium\/#primaryimage\"},\"image\":{\"@id\":\"https:\/\/meshkalla.edu.al\/it\/struttura\/auditorium\/#primaryimage\"},\"thumbnailUrl\":\"https:\/\/meshkalla.edu.al\/wp-content\/uploads\/2015\/07\/DSC_0849.jpg\",\"datePublished\":\"2015-12-23T21:42:04+00:00\",\"dateModified\":\"2024-11-25T10:36:05+00:00\",\"breadcrumb\":{\"@id\":\"https:\/\/meshkalla.edu.al\/it\/struttura\/auditorium\/#breadcrumb\"},\"inLanguage\":\"it-IT\",\"potentialAction\":[{\"@type\":\"ReadAction\",\"target\":[\"https:\/\/meshkalla.edu.al\/it\/struttura\/auditorium\/\"]}]},{\"@type\":\"ImageObject\",\"inLanguage\":\"it-IT\",\"@id\":\"https:\/\/meshkalla.edu.al\/it\/struttura\/auditorium\/#primaryimage\",\"url\":\"https:\/\/meshkalla.edu.al\/wp-content\/uploads\/2015\/07\/DSC_0849.jpg\",\"contentUrl\":\"https:\/\/meshkalla.edu.al\/wp-content\/uploads\/2015\/07\/DSC_0849.jpg\",\"width\":929,\"height\":622,\"caption\":\"Auditorium\"},{\"@type\":\"BreadcrumbList\",\"@id\":\"https:\/\/meshkalla.edu.al\/it\/struttura\/auditorium\/#breadcrumb\",\"itemListElement\":[{\"@type\":\"ListItem\",\"position\":1,\"name\":\"Home\",\"item\":\"https:\/\/meshkalla.edu.al\/\"},{\"@type\":\"ListItem\",\"position\":2,\"name\":\"Struttura\",\"item\":\"https:\/\/meshkalla.edu.al\/it\/struttura\/\"},{\"@type\":\"ListItem\",\"position\":3,\"name\":\"Auditorium\"}]},{\"@type\":\"WebSite\",\"@id\":\"https:\/\/meshkalla.edu.al\/#website\",\"url\":\"https:\/\/meshkalla.edu.al\/\",\"name\":\"Pjet\u00ebr Meshkalla Institute\",\"description\":\"School of the GesuitiEducazione Network\",\"potentialAction\":[{\"@type\":\"SearchAction\",\"target\":{\"@type\":\"EntryPoint\",\"urlTemplate\":\"https:\/\/meshkalla.edu.al\/?s={search_term_string}\"},\"query-input\":{\"@type\":\"PropertyValueSpecification\",\"valueRequired\":true,\"valueName\":\"search_term_string\"}}],\"inLanguage\":\"it-IT\"}]}<\/script>\n<!-- \/ Yoast SEO plugin. -->","yoast_head_json":{"title":"Auditorium - Pjet\u00ebr Meshkalla Institute","robots":{"index":"index","follow":"follow","max-snippet":"max-snippet:-1","max-image-preview":"max-image-preview:large","max-video-preview":"max-video-preview:-1"},"canonical":"https:\/\/meshkalla.edu.al\/it\/struttura\/auditorium\/","og_locale":"it_IT","og_type":"article","og_title":"Auditorium - Pjet\u00ebr Meshkalla Institute","og_description":"Auditorium della Scuola &#8220;At\u00eb Pjet\u00ebr Meshkalla&#8221; L&#8217;auditorium della scuola &#8220;At\u00eb Pjet\u00ebr Meshkalla&#8221; \u00e8 uno spazio moderno e ispiratore, progettato per sostenere lo sviluppo completo dei nostri studenti, secondo la filosofia educativa ignaziana. Dotato di tecnologie audiovisive all&#8217;avanguardia e di un&#8217;acustica di alta qualit\u00e0, l&#8217;auditorium funge da centro per attivit\u00e0 creative [continua...]","og_url":"https:\/\/meshkalla.edu.al\/it\/struttura\/auditorium\/","og_site_name":"Pjet\u00ebr Meshkalla Institute","article_modified_time":"2024-11-25T10:36:05+00:00","og_image":[{"width":929,"height":622,"url":"https:\/\/meshkalla.edu.al\/wp-content\/uploads\/2015\/07\/DSC_0849.jpg","type":"image\/jpeg"}],"twitter_card":"summary_large_image","twitter_misc":{"Tempo di lettura stimato":"1 minuto"},"schema":{"@context":"https:\/\/schema.org","@graph":[{"@type":"WebPage","@id":"https:\/\/meshkalla.edu.al\/it\/struttura\/auditorium\/","url":"https:\/\/meshkalla.edu.al\/it\/struttura\/auditorium\/","name":"Auditorium - Pjet\u00ebr Meshkalla Institute","isPartOf":{"@id":"https:\/\/meshkalla.edu.al\/#website"},"primaryImageOfPage":{"@id":"https:\/\/meshkalla.edu.al\/it\/struttura\/auditorium\/#primaryimage"},"image":{"@id":"https:\/\/meshkalla.edu.al\/it\/struttura\/auditorium\/#primaryimage"},"thumbnailUrl":"https:\/\/meshkalla.edu.al\/wp-content\/uploads\/2015\/07\/DSC_0849.jpg","datePublished":"2015-12-23T21:42:04+00:00","dateModified":"2024-11-25T10:36:05+00:00","breadcrumb":{"@id":"https:\/\/meshkalla.edu.al\/it\/struttura\/auditorium\/#breadcrumb"},"inLanguage":"it-IT","potentialAction":[{"@type":"ReadAction","target":["https:\/\/meshkalla.edu.al\/it\/struttura\/auditorium\/"]}]},{"@type":"ImageObject","inLanguage":"it-IT","@id":"https:\/\/meshkalla.edu.al\/it\/struttura\/auditorium\/#primaryimage","url":"https:\/\/meshkalla.edu.al\/wp-content\/uploads\/2015\/07\/DSC_0849.jpg","contentUrl":"https:\/\/meshkalla.edu.al\/wp-content\/uploads\/2015\/07\/DSC_0849.jpg","width":929,"height":622,"caption":"Auditorium"},{"@type":"BreadcrumbList","@id":"https:\/\/meshkalla.edu.al\/it\/struttura\/auditorium\/#breadcrumb","itemListElement":[{"@type":"ListItem","position":1,"name":"Home","item":"https:\/\/meshkalla.edu.al\/"},{"@type":"ListItem","position":2,"name":"Struttura","item":"https:\/\/meshkalla.edu.al\/it\/struttura\/"},{"@type":"ListItem","position":3,"name":"Auditorium"}]},{"@type":"WebSite","@id":"https:\/\/meshkalla.edu.al\/#website","url":"https:\/\/meshkalla.edu.al\/","name":"Pjet\u00ebr Meshkalla Institute","description":"School of the GesuitiEducazione Network","potentialAction":[{"@type":"SearchAction","target":{"@type":"EntryPoint","urlTemplate":"https:\/\/meshkalla.edu.al\/?s={search_term_string}"},"query-input":{"@type":"PropertyValueSpecification","valueRequired":true,"valueName":"search_term_string"}}],"inLanguage":"it-IT"}]}},"_links":{"self":[{"href":"https:\/\/meshkalla.edu.al\/it\/wp-json\/wp\/v2\/pages\/1477"}],"collection":[{"href":"https:\/\/meshkalla.edu.al\/it\/wp-json\/wp\/v2\/pages"}],"about":[{"href":"https:\/\/meshkalla.edu.al\/it\/wp-json\/wp\/v2\/types\/page"}],"author":[{"embeddable":true,"href":"https:\/\/meshkalla.edu.al\/it\/wp-json\/wp\/v2\/users\/45"}],"replies":[{"embeddable":true,"href":"https:\/\/meshkalla.edu.al\/it\/wp-json\/wp\/v2\/comments?post=1477"}],"version-history":[{"count":3,"href":"https:\/\/meshkalla.edu.al\/it\/wp-json\/wp\/v2\/pages\/1477\/revisions"}],"predecessor-version":[{"id":2208,"href":"https:\/\/meshkalla.edu.al\/it\/wp-json\/wp\/v2\/pages\/1477\/revisions\/2208"}],"up":[{"embeddable":true,"href":"https:\/\/meshkalla.edu.al\/it\/wp-json\/wp\/v2\/pages\/1002"}],"wp:featuredmedia":[{"embeddable":true,"href":"https:\/\/meshkalla.edu.al\/it\/wp-json\/wp\/v2\/media\/908"}],"wp:attachment":[{"href":"https:\/\/meshkalla.edu.al\/it\/wp-json\/wp\/v2\/media?parent=1477"}],"curies":[{"name":"wp","href":"https:\/\/api.w.org\/{rel}","templated":true}]}}