{"id":1484,"date":"2015-12-23T22:50:57","date_gmt":"2015-12-23T21:50:57","guid":{"rendered":"http:\/\/meshkalla.gesuiti.it\/?page_id=1484&#038;lang=it"},"modified":"2015-12-23T23:13:08","modified_gmt":"2015-12-23T22:13:08","slug":"la-capella","status":"publish","type":"page","link":"https:\/\/meshkalla.edu.al\/it\/struttura\/la-capella\/","title":{"rendered":"La Cappella"},"content":{"rendered":"<div id=\"attachment_1212\" style=\"width: 310px\" class=\"wp-caption alignnone\"><a href=\"http:\/\/meshkalla.gesuiti.it\/wp-content\/uploads\/2015\/11\/kapela-1.jpg\" rel=\"attachment wp-att-1212\"><img loading=\"lazy\" decoding=\"async\" aria-describedby=\"caption-attachment-1212\" class=\"size-medium wp-image-1212\" src=\"http:\/\/meshkalla.gesuiti.it\/wp-content\/uploads\/2015\/11\/kapela-1-300x201.jpg\" alt=\"Kapela e shkoll\u00ebs\" width=\"300\" height=\"201\" srcset=\"https:\/\/meshkalla.edu.al\/wp-content\/uploads\/2015\/11\/kapela-1-300x201.jpg 300w, https:\/\/meshkalla.edu.al\/wp-content\/uploads\/2015\/11\/kapela-1.jpg 460w\" sizes=\"(max-width: 300px) 100vw, 300px\" \/><\/a><p id=\"caption-attachment-1212\" class=\"wp-caption-text\">La cappella della scuola<\/p><\/div>\n<p>La cappella rappresenta il cuore spirituale della scuola. Essa \u00e8 un luogo di preghiera a forma ovale che si pu\u00f2 allargare per ricevere un maggior numero di persone rispetto alla struttura originale (50 posti). Qui si celebrano la messa di Natale, di Pasqua e le altre attivit\u00e0 religiose.<\/p>\n<h1><\/h1>\n<div id=\"attachment_1199\" style=\"width: 310px\" class=\"wp-caption alignnone\"><a href=\"http:\/\/meshkalla.gesuiti.it\/wp-content\/uploads\/2015\/12\/001-60.jpg\" rel=\"attachment wp-att-1199\"><img loading=\"lazy\" decoding=\"async\" aria-describedby=\"caption-attachment-1199\" class=\"size-medium wp-image-1199\" src=\"http:\/\/meshkalla.gesuiti.it\/wp-content\/uploads\/2015\/12\/001-60-300x201.jpg\" alt=\"Kapela e shkoll\u00ebs\" width=\"300\" height=\"201\" srcset=\"https:\/\/meshkalla.edu.al\/wp-content\/uploads\/2015\/12\/001-60-300x201.jpg 300w, https:\/\/meshkalla.edu.al\/wp-content\/uploads\/2015\/12\/001-60.jpg 460w\" sizes=\"(max-width: 300px) 100vw, 300px\" \/><\/a><p id=\"caption-attachment-1199\" class=\"wp-caption-text\">La cappella della scuola<\/p><\/div>\n","protected":false},"excerpt":{"rendered":"<p>La cappella rappresenta il cuore spirituale della scuola. Essa \u00e8 un luogo di preghiera a forma ovale che si pu\u00f2 allargare per ricevere un maggior numero di persone rispetto alla struttura originale (50 posti). Qui si celebrano la messa di Natale, di Pasqua e le altre attivit\u00e0 religiose.<\/p>\n","protected":false},"author":45,"featured_media":1204,"parent":1002,"menu_order":0,"comment_status":"closed","ping_status":"closed","template":"","meta":{"footnotes":""},"class_list":["post-1484","page","type-page","status-publish","has-post-thumbnail","hentry"],"yoast_head":"<!-- This site is optimized with the Yoast SEO plugin v25.6 - https:\/\/yoast.com\/wordpress\/plugins\/seo\/ -->\n<title>La Cappella - Pjet\u00ebr Meshkalla Institute<\/title>\n<meta name=\"robots\" content=\"index, follow, max-snippet:-1, max-image-preview:large, max-video-preview:-1\" \/>\n<link rel=\"canonical\" href=\"https:\/\/meshkalla.edu.al\/it\/struttura\/la-capella\/\" \/>\n<meta property=\"og:locale\" content=\"it_IT\" \/>\n<meta property=\"og:type\" content=\"article\" \/>\n<meta property=\"og:title\" content=\"La Cappella - Pjet\u00ebr Meshkalla Institute\" \/>\n<meta property=\"og:description\" content=\"La cappella rappresenta il cuore spirituale della scuola. Essa \u00e8 un luogo di preghiera a forma ovale che si pu\u00f2 allargare per ricevere un maggior numero di persone rispetto alla struttura originale (50 posti). Qui si celebrano la messa di Natale, di Pasqua e le altre attivit\u00e0 religiose.\" \/>\n<meta property=\"og:url\" content=\"https:\/\/meshkalla.edu.al\/it\/struttura\/la-capella\/\" \/>\n<meta property=\"og:site_name\" content=\"Pjet\u00ebr Meshkalla Institute\" \/>\n<meta property=\"article:modified_time\" content=\"2015-12-23T22:13:08+00:00\" \/>\n<meta property=\"og:image\" content=\"https:\/\/meshkalla.edu.al\/wp-content\/uploads\/2015\/12\/001-62.jpg\" \/>\n\t<meta property=\"og:image:width\" content=\"460\" \/>\n\t<meta property=\"og:image:height\" content=\"308\" \/>\n\t<meta property=\"og:image:type\" content=\"image\/jpeg\" \/>\n<meta name=\"twitter:card\" content=\"summary_large_image\" \/>\n<script type=\"application\/ld+json\" class=\"yoast-schema-graph\">{\"@context\":\"https:\/\/schema.org\",\"@graph\":[{\"@type\":\"WebPage\",\"@id\":\"https:\/\/meshkalla.edu.al\/it\/struttura\/la-capella\/\",\"url\":\"https:\/\/meshkalla.edu.al\/it\/struttura\/la-capella\/\",\"name\":\"La Cappella - Pjet\u00ebr Meshkalla Institute\",\"isPartOf\":{\"@id\":\"https:\/\/meshkalla.edu.al\/#website\"},\"primaryImageOfPage\":{\"@id\":\"https:\/\/meshkalla.edu.al\/it\/struttura\/la-capella\/#primaryimage\"},\"image\":{\"@id\":\"https:\/\/meshkalla.edu.al\/it\/struttura\/la-capella\/#primaryimage\"},\"thumbnailUrl\":\"https:\/\/meshkalla.edu.al\/wp-content\/uploads\/2015\/12\/001-62.jpg\",\"datePublished\":\"2015-12-23T21:50:57+00:00\",\"dateModified\":\"2015-12-23T22:13:08+00:00\",\"breadcrumb\":{\"@id\":\"https:\/\/meshkalla.edu.al\/it\/struttura\/la-capella\/#breadcrumb\"},\"inLanguage\":\"it-IT\",\"potentialAction\":[{\"@type\":\"ReadAction\",\"target\":[\"https:\/\/meshkalla.edu.al\/it\/struttura\/la-capella\/\"]}]},{\"@type\":\"ImageObject\",\"inLanguage\":\"it-IT\",\"@id\":\"https:\/\/meshkalla.edu.al\/it\/struttura\/la-capella\/#primaryimage\",\"url\":\"https:\/\/meshkalla.edu.al\/wp-content\/uploads\/2015\/12\/001-62.jpg\",\"contentUrl\":\"https:\/\/meshkalla.edu.al\/wp-content\/uploads\/2015\/12\/001-62.jpg\",\"width\":460,\"height\":308},{\"@type\":\"BreadcrumbList\",\"@id\":\"https:\/\/meshkalla.edu.al\/it\/struttura\/la-capella\/#breadcrumb\",\"itemListElement\":[{\"@type\":\"ListItem\",\"position\":1,\"name\":\"Home\",\"item\":\"https:\/\/meshkalla.edu.al\/\"},{\"@type\":\"ListItem\",\"position\":2,\"name\":\"Struttura\",\"item\":\"https:\/\/meshkalla.edu.al\/it\/struttura\/\"},{\"@type\":\"ListItem\",\"position\":3,\"name\":\"La Cappella\"}]},{\"@type\":\"WebSite\",\"@id\":\"https:\/\/meshkalla.edu.al\/#website\",\"url\":\"https:\/\/meshkalla.edu.al\/\",\"name\":\"Pjet\u00ebr Meshkalla Institute\",\"description\":\"School of the GesuitiEducazione Network\",\"potentialAction\":[{\"@type\":\"SearchAction\",\"target\":{\"@type\":\"EntryPoint\",\"urlTemplate\":\"https:\/\/meshkalla.edu.al\/?s={search_term_string}\"},\"query-input\":{\"@type\":\"PropertyValueSpecification\",\"valueRequired\":true,\"valueName\":\"search_term_string\"}}],\"inLanguage\":\"it-IT\"}]}<\/script>\n<!-- \/ Yoast SEO plugin. -->","yoast_head_json":{"title":"La Cappella - Pjet\u00ebr Meshkalla Institute","robots":{"index":"index","follow":"follow","max-snippet":"max-snippet:-1","max-image-preview":"max-image-preview:large","max-video-preview":"max-video-preview:-1"},"canonical":"https:\/\/meshkalla.edu.al\/it\/struttura\/la-capella\/","og_locale":"it_IT","og_type":"article","og_title":"La Cappella - Pjet\u00ebr Meshkalla Institute","og_description":"La cappella rappresenta il cuore spirituale della scuola. Essa \u00e8 un luogo di preghiera a forma ovale che si pu\u00f2 allargare per ricevere un maggior numero di persone rispetto alla struttura originale (50 posti). Qui si celebrano la messa di Natale, di Pasqua e le altre attivit\u00e0 religiose.","og_url":"https:\/\/meshkalla.edu.al\/it\/struttura\/la-capella\/","og_site_name":"Pjet\u00ebr Meshkalla Institute","article_modified_time":"2015-12-23T22:13:08+00:00","og_image":[{"width":460,"height":308,"url":"https:\/\/meshkalla.edu.al\/wp-content\/uploads\/2015\/12\/001-62.jpg","type":"image\/jpeg"}],"twitter_card":"summary_large_image","schema":{"@context":"https:\/\/schema.org","@graph":[{"@type":"WebPage","@id":"https:\/\/meshkalla.edu.al\/it\/struttura\/la-capella\/","url":"https:\/\/meshkalla.edu.al\/it\/struttura\/la-capella\/","name":"La Cappella - Pjet\u00ebr Meshkalla Institute","isPartOf":{"@id":"https:\/\/meshkalla.edu.al\/#website"},"primaryImageOfPage":{"@id":"https:\/\/meshkalla.edu.al\/it\/struttura\/la-capella\/#primaryimage"},"image":{"@id":"https:\/\/meshkalla.edu.al\/it\/struttura\/la-capella\/#primaryimage"},"thumbnailUrl":"https:\/\/meshkalla.edu.al\/wp-content\/uploads\/2015\/12\/001-62.jpg","datePublished":"2015-12-23T21:50:57+00:00","dateModified":"2015-12-23T22:13:08+00:00","breadcrumb":{"@id":"https:\/\/meshkalla.edu.al\/it\/struttura\/la-capella\/#breadcrumb"},"inLanguage":"it-IT","potentialAction":[{"@type":"ReadAction","target":["https:\/\/meshkalla.edu.al\/it\/struttura\/la-capella\/"]}]},{"@type":"ImageObject","inLanguage":"it-IT","@id":"https:\/\/meshkalla.edu.al\/it\/struttura\/la-capella\/#primaryimage","url":"https:\/\/meshkalla.edu.al\/wp-content\/uploads\/2015\/12\/001-62.jpg","contentUrl":"https:\/\/meshkalla.edu.al\/wp-content\/uploads\/2015\/12\/001-62.jpg","width":460,"height":308},{"@type":"BreadcrumbList","@id":"https:\/\/meshkalla.edu.al\/it\/struttura\/la-capella\/#breadcrumb","itemListElement":[{"@type":"ListItem","position":1,"name":"Home","item":"https:\/\/meshkalla.edu.al\/"},{"@type":"ListItem","position":2,"name":"Struttura","item":"https:\/\/meshkalla.edu.al\/it\/struttura\/"},{"@type":"ListItem","position":3,"name":"La Cappella"}]},{"@type":"WebSite","@id":"https:\/\/meshkalla.edu.al\/#website","url":"https:\/\/meshkalla.edu.al\/","name":"Pjet\u00ebr Meshkalla Institute","description":"School of the GesuitiEducazione Network","potentialAction":[{"@type":"SearchAction","target":{"@type":"EntryPoint","urlTemplate":"https:\/\/meshkalla.edu.al\/?s={search_term_string}"},"query-input":{"@type":"PropertyValueSpecification","valueRequired":true,"valueName":"search_term_string"}}],"inLanguage":"it-IT"}]}},"_links":{"self":[{"href":"https:\/\/meshkalla.edu.al\/it\/wp-json\/wp\/v2\/pages\/1484"}],"collection":[{"href":"https:\/\/meshkalla.edu.al\/it\/wp-json\/wp\/v2\/pages"}],"about":[{"href":"https:\/\/meshkalla.edu.al\/it\/wp-json\/wp\/v2\/types\/page"}],"author":[{"embeddable":true,"href":"https:\/\/meshkalla.edu.al\/it\/wp-json\/wp\/v2\/users\/45"}],"replies":[{"embeddable":true,"href":"https:\/\/meshkalla.edu.al\/it\/wp-json\/wp\/v2\/comments?post=1484"}],"version-history":[{"count":3,"href":"https:\/\/meshkalla.edu.al\/it\/wp-json\/wp\/v2\/pages\/1484\/revisions"}],"predecessor-version":[{"id":1507,"href":"https:\/\/meshkalla.edu.al\/it\/wp-json\/wp\/v2\/pages\/1484\/revisions\/1507"}],"up":[{"embeddable":true,"href":"https:\/\/meshkalla.edu.al\/it\/wp-json\/wp\/v2\/pages\/1002"}],"wp:featuredmedia":[{"embeddable":true,"href":"https:\/\/meshkalla.edu.al\/it\/wp-json\/wp\/v2\/media\/1204"}],"wp:attachment":[{"href":"https:\/\/meshkalla.edu.al\/it\/wp-json\/wp\/v2\/media?parent=1484"}],"curies":[{"name":"wp","href":"https:\/\/api.w.org\/{rel}","templated":true}]}}