{"id":2187,"date":"2024-11-12T09:42:34","date_gmt":"2024-11-12T08:42:34","guid":{"rendered":"https:\/\/meshkalla.edu.al\/vizioni-dhe-misioni-i-shkolles\/"},"modified":"2024-11-12T09:42:54","modified_gmt":"2024-11-12T08:42:54","slug":"vizioni-dhe-misioni-i-shkolles","status":"publish","type":"page","link":"https:\/\/meshkalla.edu.al\/it\/vizioni-dhe-misioni-i-shkolles\/","title":{"rendered":"Vizioni dhe Misioni i shkoll\u00ebs!"},"content":{"rendered":"<p><strong>VIZIONI<\/strong><\/p>\n<p>Shkolla \u201cAt\u00eb Pjet\u00ebr Meshkalla\u201d, duke qen\u00eb pjes\u00eb e Fondacionit \u201cGesuiti Educazione\u201d, ndan t\u00eb nj\u00ebjtin vizion me t\u00eb gjitha shkollat pjes\u00ebmarr\u00ebse:<\/p>\n<p><em>Shkollat \u200b\u200be rrjetit Fondacionit \u201cGesuiti Educazione\u201d jan\u00eb t\u00eb p\u00ebrkushtuara p\u00ebr t\u00eb formuar qytetar\u00eb global\u00eb t\u00eb aft\u00eb, t\u00eb vet\u00ebdijsh\u00ebm, t\u00eb dhembshur dhe t\u00eb p\u00ebrkushtuar p\u00ebr t\u00eb p\u00ebrballuar sfidat e koh\u00ebs s\u00eb tyre me kreativitet dhe guxim, n\u00eb rrug\u00ebn e Jezusit, duke mir\u00ebpritur dialogun me \u00e7do perspektiv\u00eb tjet\u00ebr fetare dhe kujdesin p\u00ebr t\u00eb tjer\u00ebt, ve\u00e7an\u00ebrisht p\u00ebr ata q\u00eb kan\u00eb nevoj\u00eb, si dhe p\u00ebr bot\u00ebn, sht\u00ebpin\u00eb ton\u00eb t\u00eb p\u00ebrbashk\u00ebt, sipas rregullit t\u00eb drejt\u00ebsis\u00eb, dashuris\u00eb dhe paqes.<\/em><\/p>\n<p><strong>MISIONI<\/strong><\/p>\n<p>E mish\u00ebruar n\u00eb kultur\u00ebn dhe historin\u00eb shqiptare, shkolla &#8220;At\u00eb Pjet\u00ebr Meshkalla&#8221; ofrohet n\u00eb misionin e saj si nj\u00eb shkoll\u00eb cil\u00ebsore jezuite p\u00ebr Shqip\u00ebrin\u00eb, nj\u00eb vend shprese p\u00ebr t\u00eb rinjt\u00eb, m\u00ebsuesit, familjet dhe shoq\u00ebrin\u00eb&#8221;.<\/p>\n<p>P\u00ebr t\u00eb gjith\u00eb synon t\u00eb ofroj\u00eb:<\/p>\n<ul>\n<li>nj\u00eb edukim t\u00eb mir\u00eb dhe formim t\u00ebr\u00ebsor personal, n\u00eb nj\u00eb mjedis pozitiv dhe t\u00eb g\u00ebzuesh\u00ebm rritjeje<\/li>\n<li style=\"text-align: left;\">Pedagogjin\u00eb Injaciane si nj\u00eb mjet i privilegjuar: p\u00ebr t\u00eb kuptuarit e jet\u00ebs s\u00eb brendshme dhe emocionale; p\u00ebr marrjen e nj\u00eb kapaciteti kritik n\u00eb funksion t\u00eb zgjedhjeve autonome, t\u00eb guximshme dhe ungjillore; p\u00ebr edukimin n\u00eb p\u00ebrkushtim, p\u00ebrgjegj\u00ebsi, drejt\u00ebsi dhe sh\u00ebrbim.<\/li>\n<li style=\"text-align: left;\">nj\u00eb m\u00ebsimdh\u00ebnien aktive dhe t\u00ebrheq\u00ebse q\u00eb vendos n\u00eb qend\u00ebr nx\u00ebn\u00ebsin dhe q\u00eb shoq\u00ebrohet nga m\u00ebsues dhe formator\u00eb t\u00eb p\u00ebrgatitur profesionalish dhe frym\u00ebzues.<\/li>\n<\/ul>\n<p>Synon gjithashtu t\u00eb inkurajoj\u00eb:<\/p>\n<ul>\n<li>akses n\u00eb nj\u00eb arsimim cil\u00ebsor p\u00ebr t\u00eb gjith\u00eb, me mund\u00ebsi t\u00eb barabarta, pa diskriminim dhe me v\u00ebmendje t\u00eb ve\u00e7ant\u00eb p\u00ebr shtresat m\u00eb t\u00eb marxhinalizara<\/li>\n<li>nj\u00eb hapje nd\u00ebrkomb\u00ebtare dhe ndaj rrjetit t\u00eb shkollave jezuite n\u00eb bot\u00eb, gjithmon\u00eb duke ruajtur tradit\u00ebn dhe pasurin\u00eb vendase<\/li>\n<li>nd\u00ebrtimin e nj\u00eb shoq\u00ebrie t\u00eb aft\u00eb p\u00ebr t\u00eb jetuar n\u00eb paqe dhe pajtim nd\u00ebrmjet njer\u00ebzve, feve dhe kultura t\u00eb ndryshme, n\u00eb respekt p\u00ebr krijimin\u201d.<\/li>\n<\/ul>\n","protected":false},"excerpt":{"rendered":"<p>VIZIONI Shkolla \u201cAt\u00eb Pjet\u00ebr Meshkalla\u201d, duke qen\u00eb pjes\u00eb e Fondacionit \u201cGesuiti Educazione\u201d, ndan t\u00eb nj\u00ebjtin vizion me t\u00eb gjitha shkollat pjes\u00ebmarr\u00ebse: Shkollat \u200b\u200be rrjetit Fondacionit \u201cGesuiti Educazione\u201d jan\u00eb t\u00eb p\u00ebrkushtuara p\u00ebr t\u00eb formuar qytetar\u00eb global\u00eb t\u00eb aft\u00eb, t\u00eb vet\u00ebdijsh\u00ebm, t\u00eb dhembshur dhe t\u00eb p\u00ebrkushtuar p\u00ebr t\u00eb p\u00ebrballuar sfidat e koh\u00ebs<a class=\"continua\" href=\"https:\/\/meshkalla.edu.al\/it\/vizioni-dhe-misioni-i-shkolles\/\"> [continua&#8230;]<\/a><\/p>\n","protected":false},"author":45,"featured_media":0,"parent":0,"menu_order":0,"comment_status":"closed","ping_status":"closed","template":"","meta":{"footnotes":""},"class_list":["post-2187","page","type-page","status-publish","hentry"],"yoast_head":"<!-- This site is optimized with the Yoast SEO plugin v25.6 - https:\/\/yoast.com\/wordpress\/plugins\/seo\/ -->\n<title>Vizioni dhe Misioni i shkoll\u00ebs! - Pjet\u00ebr Meshkalla Institute<\/title>\n<meta name=\"robots\" content=\"index, follow, max-snippet:-1, max-image-preview:large, max-video-preview:-1\" \/>\n<link rel=\"canonical\" href=\"https:\/\/meshkalla.edu.al\/it\/vizioni-dhe-misioni-i-shkolles\/\" \/>\n<meta property=\"og:locale\" content=\"it_IT\" \/>\n<meta property=\"og:type\" content=\"article\" \/>\n<meta property=\"og:title\" content=\"Vizioni dhe Misioni i shkoll\u00ebs! - Pjet\u00ebr Meshkalla Institute\" \/>\n<meta property=\"og:description\" content=\"VIZIONI Shkolla \u201cAt\u00eb Pjet\u00ebr Meshkalla\u201d, duke qen\u00eb pjes\u00eb e Fondacionit \u201cGesuiti Educazione\u201d, ndan t\u00eb nj\u00ebjtin vizion me t\u00eb gjitha shkollat pjes\u00ebmarr\u00ebse: Shkollat \u200b\u200be rrjetit Fondacionit \u201cGesuiti Educazione\u201d jan\u00eb t\u00eb p\u00ebrkushtuara p\u00ebr t\u00eb formuar qytetar\u00eb global\u00eb t\u00eb aft\u00eb, t\u00eb vet\u00ebdijsh\u00ebm, t\u00eb dhembshur dhe t\u00eb p\u00ebrkushtuar p\u00ebr t\u00eb p\u00ebrballuar sfidat e koh\u00ebs [continua...]\" \/>\n<meta property=\"og:url\" content=\"https:\/\/meshkalla.edu.al\/it\/vizioni-dhe-misioni-i-shkolles\/\" \/>\n<meta property=\"og:site_name\" content=\"Pjet\u00ebr Meshkalla Institute\" \/>\n<meta property=\"article:modified_time\" content=\"2024-11-12T08:42:54+00:00\" \/>\n<meta name=\"twitter:card\" content=\"summary_large_image\" \/>\n<meta name=\"twitter:label1\" content=\"Tempo di lettura stimato\" \/>\n\t<meta name=\"twitter:data1\" content=\"2 minuti\" \/>\n<script type=\"application\/ld+json\" class=\"yoast-schema-graph\">{\"@context\":\"https:\/\/schema.org\",\"@graph\":[{\"@type\":\"WebPage\",\"@id\":\"https:\/\/meshkalla.edu.al\/it\/vizioni-dhe-misioni-i-shkolles\/\",\"url\":\"https:\/\/meshkalla.edu.al\/it\/vizioni-dhe-misioni-i-shkolles\/\",\"name\":\"Vizioni dhe Misioni i shkoll\u00ebs! - Pjet\u00ebr Meshkalla Institute\",\"isPartOf\":{\"@id\":\"https:\/\/meshkalla.edu.al\/#website\"},\"datePublished\":\"2024-11-12T08:42:34+00:00\",\"dateModified\":\"2024-11-12T08:42:54+00:00\",\"breadcrumb\":{\"@id\":\"https:\/\/meshkalla.edu.al\/it\/vizioni-dhe-misioni-i-shkolles\/#breadcrumb\"},\"inLanguage\":\"it-IT\",\"potentialAction\":[{\"@type\":\"ReadAction\",\"target\":[\"https:\/\/meshkalla.edu.al\/it\/vizioni-dhe-misioni-i-shkolles\/\"]}]},{\"@type\":\"BreadcrumbList\",\"@id\":\"https:\/\/meshkalla.edu.al\/it\/vizioni-dhe-misioni-i-shkolles\/#breadcrumb\",\"itemListElement\":[{\"@type\":\"ListItem\",\"position\":1,\"name\":\"Home\",\"item\":\"https:\/\/meshkalla.edu.al\/\"},{\"@type\":\"ListItem\",\"position\":2,\"name\":\"Vizioni dhe Misioni i shkoll\u00ebs!\"}]},{\"@type\":\"WebSite\",\"@id\":\"https:\/\/meshkalla.edu.al\/#website\",\"url\":\"https:\/\/meshkalla.edu.al\/\",\"name\":\"Pjet\u00ebr Meshkalla Institute\",\"description\":\"School of the GesuitiEducazione Network\",\"potentialAction\":[{\"@type\":\"SearchAction\",\"target\":{\"@type\":\"EntryPoint\",\"urlTemplate\":\"https:\/\/meshkalla.edu.al\/?s={search_term_string}\"},\"query-input\":{\"@type\":\"PropertyValueSpecification\",\"valueRequired\":true,\"valueName\":\"search_term_string\"}}],\"inLanguage\":\"it-IT\"}]}<\/script>\n<!-- \/ Yoast SEO plugin. -->","yoast_head_json":{"title":"Vizioni dhe Misioni i shkoll\u00ebs! - Pjet\u00ebr Meshkalla Institute","robots":{"index":"index","follow":"follow","max-snippet":"max-snippet:-1","max-image-preview":"max-image-preview:large","max-video-preview":"max-video-preview:-1"},"canonical":"https:\/\/meshkalla.edu.al\/it\/vizioni-dhe-misioni-i-shkolles\/","og_locale":"it_IT","og_type":"article","og_title":"Vizioni dhe Misioni i shkoll\u00ebs! - Pjet\u00ebr Meshkalla Institute","og_description":"VIZIONI Shkolla \u201cAt\u00eb Pjet\u00ebr Meshkalla\u201d, duke qen\u00eb pjes\u00eb e Fondacionit \u201cGesuiti Educazione\u201d, ndan t\u00eb nj\u00ebjtin vizion me t\u00eb gjitha shkollat pjes\u00ebmarr\u00ebse: Shkollat \u200b\u200be rrjetit Fondacionit \u201cGesuiti Educazione\u201d jan\u00eb t\u00eb p\u00ebrkushtuara p\u00ebr t\u00eb formuar qytetar\u00eb global\u00eb t\u00eb aft\u00eb, t\u00eb vet\u00ebdijsh\u00ebm, t\u00eb dhembshur dhe t\u00eb p\u00ebrkushtuar p\u00ebr t\u00eb p\u00ebrballuar sfidat e koh\u00ebs [continua...]","og_url":"https:\/\/meshkalla.edu.al\/it\/vizioni-dhe-misioni-i-shkolles\/","og_site_name":"Pjet\u00ebr Meshkalla Institute","article_modified_time":"2024-11-12T08:42:54+00:00","twitter_card":"summary_large_image","twitter_misc":{"Tempo di lettura stimato":"2 minuti"},"schema":{"@context":"https:\/\/schema.org","@graph":[{"@type":"WebPage","@id":"https:\/\/meshkalla.edu.al\/it\/vizioni-dhe-misioni-i-shkolles\/","url":"https:\/\/meshkalla.edu.al\/it\/vizioni-dhe-misioni-i-shkolles\/","name":"Vizioni dhe Misioni i shkoll\u00ebs! - Pjet\u00ebr Meshkalla Institute","isPartOf":{"@id":"https:\/\/meshkalla.edu.al\/#website"},"datePublished":"2024-11-12T08:42:34+00:00","dateModified":"2024-11-12T08:42:54+00:00","breadcrumb":{"@id":"https:\/\/meshkalla.edu.al\/it\/vizioni-dhe-misioni-i-shkolles\/#breadcrumb"},"inLanguage":"it-IT","potentialAction":[{"@type":"ReadAction","target":["https:\/\/meshkalla.edu.al\/it\/vizioni-dhe-misioni-i-shkolles\/"]}]},{"@type":"BreadcrumbList","@id":"https:\/\/meshkalla.edu.al\/it\/vizioni-dhe-misioni-i-shkolles\/#breadcrumb","itemListElement":[{"@type":"ListItem","position":1,"name":"Home","item":"https:\/\/meshkalla.edu.al\/"},{"@type":"ListItem","position":2,"name":"Vizioni dhe Misioni i shkoll\u00ebs!"}]},{"@type":"WebSite","@id":"https:\/\/meshkalla.edu.al\/#website","url":"https:\/\/meshkalla.edu.al\/","name":"Pjet\u00ebr Meshkalla Institute","description":"School of the GesuitiEducazione Network","potentialAction":[{"@type":"SearchAction","target":{"@type":"EntryPoint","urlTemplate":"https:\/\/meshkalla.edu.al\/?s={search_term_string}"},"query-input":{"@type":"PropertyValueSpecification","valueRequired":true,"valueName":"search_term_string"}}],"inLanguage":"it-IT"}]}},"_links":{"self":[{"href":"https:\/\/meshkalla.edu.al\/it\/wp-json\/wp\/v2\/pages\/2187"}],"collection":[{"href":"https:\/\/meshkalla.edu.al\/it\/wp-json\/wp\/v2\/pages"}],"about":[{"href":"https:\/\/meshkalla.edu.al\/it\/wp-json\/wp\/v2\/types\/page"}],"author":[{"embeddable":true,"href":"https:\/\/meshkalla.edu.al\/it\/wp-json\/wp\/v2\/users\/45"}],"replies":[{"embeddable":true,"href":"https:\/\/meshkalla.edu.al\/it\/wp-json\/wp\/v2\/comments?post=2187"}],"version-history":[{"count":1,"href":"https:\/\/meshkalla.edu.al\/it\/wp-json\/wp\/v2\/pages\/2187\/revisions"}],"predecessor-version":[{"id":2189,"href":"https:\/\/meshkalla.edu.al\/it\/wp-json\/wp\/v2\/pages\/2187\/revisions\/2189"}],"wp:attachment":[{"href":"https:\/\/meshkalla.edu.al\/it\/wp-json\/wp\/v2\/media?parent=2187"}],"curies":[{"name":"wp","href":"https:\/\/api.w.org\/{rel}","templated":true}]}}