{"id":2222,"date":"2021-11-03T11:35:40","date_gmt":"2021-11-03T10:35:40","guid":{"rendered":"https:\/\/meshkalla.edu.al\/proposta-formativa\/rregullorja-e-privatesise\/"},"modified":"2025-02-06T18:17:53","modified_gmt":"2025-02-06T17:17:53","slug":"rregullorja-e-privatesise","status":"publish","type":"page","link":"https:\/\/meshkalla.edu.al\/it\/proposta-formativa\/rregullorja-e-privatesise\/","title":{"rendered":"Tutela dei Minori"},"content":{"rendered":"<p>Il Liceo Privato &#8220;At\u00eb Pjet\u00ebr Meshkalla,&#8221; parte della Fondazione &#8220;Gesuiti Educazione,&#8221; guidato dai Padri Gesuiti, offre un&#8217;educazione inclusiva e di qualit\u00e0, dedicata ad affrontare le sfide dei giovani e le problematiche della societ\u00e0 albanese. Come membro del Comitato di Educazione Cattolica Albanese (KKEKSH), la scuola ha sviluppato e implementato una Politica di Protezione dei Minori basata sulla legislazione albanese, le linee guida del KKEKSH e le migliori pratiche internazionali. Questa politica mira a prevenire e proteggere tutti gli studenti da qualsiasi forma di abuso, compresi i giovani in situazioni vulnerabili.<\/p>\n<p>La struttura della Politica di Protezione include la nomina di un rappresentante del KKEKSH e di un referente interno nella scuola per coordinare l&#8217;attuazione delle misure protettive e trattare qualsiasi preoccupazione legata alla protezione degli studenti. Questi rappresentanti sono formati e supportati per garantire l&#8217;attuazione dei pi\u00f9 alti standard di protezione, collaborando strettamente con i dirigenti, gli studenti e i genitori. La politica include anche elementi per la prevenzione del bullismo e segue gli standard internazionali per la gestione dei casi.<\/p>\n<p>Per ulteriori informazioni e la documentazione completa della Politica di Protezione dei Minori, clicca qui: <a href=\"https:\/\/meshkalla.edu.al\/wp-content\/uploads\/2025\/02\/Tutela-dei-Minori-ITA.pdf\">Tutela dei Minori ITA<\/a><\/p>\n","protected":false},"excerpt":{"rendered":"<p>Il Liceo Privato &#8220;At\u00eb Pjet\u00ebr Meshkalla,&#8221; parte della Fondazione &#8220;Gesuiti Educazione,&#8221; guidato dai Padri Gesuiti, offre un&#8217;educazione inclusiva e di qualit\u00e0, dedicata ad affrontare le sfide dei giovani e le problematiche della societ\u00e0 albanese. Come membro del Comitato di Educazione Cattolica Albanese (KKEKSH), la scuola ha sviluppato e implementato una<a class=\"continua\" href=\"https:\/\/meshkalla.edu.al\/it\/proposta-formativa\/rregullorja-e-privatesise\/\"> [continua&#8230;]<\/a><\/p>\n","protected":false},"author":45,"featured_media":2217,"parent":30,"menu_order":0,"comment_status":"closed","ping_status":"closed","template":"","meta":{"footnotes":""},"class_list":["post-2222","page","type-page","status-publish","has-post-thumbnail","hentry"],"yoast_head":"<!-- This site is optimized with the Yoast SEO plugin v25.6 - https:\/\/yoast.com\/wordpress\/plugins\/seo\/ -->\n<title>Tutela dei Minori - Pjet\u00ebr Meshkalla Institute<\/title>\n<meta name=\"robots\" content=\"index, follow, max-snippet:-1, max-image-preview:large, max-video-preview:-1\" \/>\n<link rel=\"canonical\" href=\"https:\/\/meshkalla.edu.al\/it\/proposta-formativa\/rregullorja-e-privatesise\/\" \/>\n<meta property=\"og:locale\" content=\"it_IT\" \/>\n<meta property=\"og:type\" content=\"article\" \/>\n<meta property=\"og:title\" content=\"Tutela dei Minori - Pjet\u00ebr Meshkalla Institute\" \/>\n<meta property=\"og:description\" content=\"Il Liceo Privato &#8220;At\u00eb Pjet\u00ebr Meshkalla,&#8221; parte della Fondazione &#8220;Gesuiti Educazione,&#8221; guidato dai Padri Gesuiti, offre un&#8217;educazione inclusiva e di qualit\u00e0, dedicata ad affrontare le sfide dei giovani e le problematiche della societ\u00e0 albanese. Come membro del Comitato di Educazione Cattolica Albanese (KKEKSH), la scuola ha sviluppato e implementato una [continua...]\" \/>\n<meta property=\"og:url\" content=\"https:\/\/meshkalla.edu.al\/it\/proposta-formativa\/rregullorja-e-privatesise\/\" \/>\n<meta property=\"og:site_name\" content=\"Pjet\u00ebr Meshkalla Institute\" \/>\n<meta property=\"article:modified_time\" content=\"2025-02-06T17:17:53+00:00\" \/>\n<meta property=\"og:image\" content=\"https:\/\/meshkalla.edu.al\/wp-content\/uploads\/2025\/02\/Safeguarding.png\" \/>\n\t<meta property=\"og:image:width\" content=\"225\" \/>\n\t<meta property=\"og:image:height\" content=\"225\" \/>\n\t<meta property=\"og:image:type\" content=\"image\/png\" \/>\n<meta name=\"twitter:card\" content=\"summary_large_image\" \/>\n<meta name=\"twitter:label1\" content=\"Tempo di lettura stimato\" \/>\n\t<meta name=\"twitter:data1\" content=\"2 minuti\" \/>\n<script type=\"application\/ld+json\" class=\"yoast-schema-graph\">{\"@context\":\"https:\/\/schema.org\",\"@graph\":[{\"@type\":\"WebPage\",\"@id\":\"https:\/\/meshkalla.edu.al\/it\/proposta-formativa\/rregullorja-e-privatesise\/\",\"url\":\"https:\/\/meshkalla.edu.al\/it\/proposta-formativa\/rregullorja-e-privatesise\/\",\"name\":\"Tutela dei Minori - Pjet\u00ebr Meshkalla Institute\",\"isPartOf\":{\"@id\":\"https:\/\/meshkalla.edu.al\/#website\"},\"primaryImageOfPage\":{\"@id\":\"https:\/\/meshkalla.edu.al\/it\/proposta-formativa\/rregullorja-e-privatesise\/#primaryimage\"},\"image\":{\"@id\":\"https:\/\/meshkalla.edu.al\/it\/proposta-formativa\/rregullorja-e-privatesise\/#primaryimage\"},\"thumbnailUrl\":\"https:\/\/meshkalla.edu.al\/wp-content\/uploads\/2025\/02\/Safeguarding.png\",\"datePublished\":\"2021-11-03T10:35:40+00:00\",\"dateModified\":\"2025-02-06T17:17:53+00:00\",\"breadcrumb\":{\"@id\":\"https:\/\/meshkalla.edu.al\/it\/proposta-formativa\/rregullorja-e-privatesise\/#breadcrumb\"},\"inLanguage\":\"it-IT\",\"potentialAction\":[{\"@type\":\"ReadAction\",\"target\":[\"https:\/\/meshkalla.edu.al\/it\/proposta-formativa\/rregullorja-e-privatesise\/\"]}]},{\"@type\":\"ImageObject\",\"inLanguage\":\"it-IT\",\"@id\":\"https:\/\/meshkalla.edu.al\/it\/proposta-formativa\/rregullorja-e-privatesise\/#primaryimage\",\"url\":\"https:\/\/meshkalla.edu.al\/wp-content\/uploads\/2025\/02\/Safeguarding.png\",\"contentUrl\":\"https:\/\/meshkalla.edu.al\/wp-content\/uploads\/2025\/02\/Safeguarding.png\",\"width\":225,\"height\":225},{\"@type\":\"BreadcrumbList\",\"@id\":\"https:\/\/meshkalla.edu.al\/it\/proposta-formativa\/rregullorja-e-privatesise\/#breadcrumb\",\"itemListElement\":[{\"@type\":\"ListItem\",\"position\":1,\"name\":\"Home\",\"item\":\"https:\/\/meshkalla.edu.al\/\"},{\"@type\":\"ListItem\",\"position\":2,\"name\":\"Proposta formativa\",\"item\":\"https:\/\/meshkalla.edu.al\/it\/proposta-formativa\/\"},{\"@type\":\"ListItem\",\"position\":3,\"name\":\"Tutela dei Minori\"}]},{\"@type\":\"WebSite\",\"@id\":\"https:\/\/meshkalla.edu.al\/#website\",\"url\":\"https:\/\/meshkalla.edu.al\/\",\"name\":\"Pjet\u00ebr Meshkalla Institute\",\"description\":\"School of the GesuitiEducazione Network\",\"potentialAction\":[{\"@type\":\"SearchAction\",\"target\":{\"@type\":\"EntryPoint\",\"urlTemplate\":\"https:\/\/meshkalla.edu.al\/?s={search_term_string}\"},\"query-input\":{\"@type\":\"PropertyValueSpecification\",\"valueRequired\":true,\"valueName\":\"search_term_string\"}}],\"inLanguage\":\"it-IT\"}]}<\/script>\n<!-- \/ Yoast SEO plugin. -->","yoast_head_json":{"title":"Tutela dei Minori - Pjet\u00ebr Meshkalla Institute","robots":{"index":"index","follow":"follow","max-snippet":"max-snippet:-1","max-image-preview":"max-image-preview:large","max-video-preview":"max-video-preview:-1"},"canonical":"https:\/\/meshkalla.edu.al\/it\/proposta-formativa\/rregullorja-e-privatesise\/","og_locale":"it_IT","og_type":"article","og_title":"Tutela dei Minori - Pjet\u00ebr Meshkalla Institute","og_description":"Il Liceo Privato &#8220;At\u00eb Pjet\u00ebr Meshkalla,&#8221; parte della Fondazione &#8220;Gesuiti Educazione,&#8221; guidato dai Padri Gesuiti, offre un&#8217;educazione inclusiva e di qualit\u00e0, dedicata ad affrontare le sfide dei giovani e le problematiche della societ\u00e0 albanese. Come membro del Comitato di Educazione Cattolica Albanese (KKEKSH), la scuola ha sviluppato e implementato una [continua...]","og_url":"https:\/\/meshkalla.edu.al\/it\/proposta-formativa\/rregullorja-e-privatesise\/","og_site_name":"Pjet\u00ebr Meshkalla Institute","article_modified_time":"2025-02-06T17:17:53+00:00","og_image":[{"width":225,"height":225,"url":"https:\/\/meshkalla.edu.al\/wp-content\/uploads\/2025\/02\/Safeguarding.png","type":"image\/png"}],"twitter_card":"summary_large_image","twitter_misc":{"Tempo di lettura stimato":"2 minuti"},"schema":{"@context":"https:\/\/schema.org","@graph":[{"@type":"WebPage","@id":"https:\/\/meshkalla.edu.al\/it\/proposta-formativa\/rregullorja-e-privatesise\/","url":"https:\/\/meshkalla.edu.al\/it\/proposta-formativa\/rregullorja-e-privatesise\/","name":"Tutela dei Minori - Pjet\u00ebr Meshkalla Institute","isPartOf":{"@id":"https:\/\/meshkalla.edu.al\/#website"},"primaryImageOfPage":{"@id":"https:\/\/meshkalla.edu.al\/it\/proposta-formativa\/rregullorja-e-privatesise\/#primaryimage"},"image":{"@id":"https:\/\/meshkalla.edu.al\/it\/proposta-formativa\/rregullorja-e-privatesise\/#primaryimage"},"thumbnailUrl":"https:\/\/meshkalla.edu.al\/wp-content\/uploads\/2025\/02\/Safeguarding.png","datePublished":"2021-11-03T10:35:40+00:00","dateModified":"2025-02-06T17:17:53+00:00","breadcrumb":{"@id":"https:\/\/meshkalla.edu.al\/it\/proposta-formativa\/rregullorja-e-privatesise\/#breadcrumb"},"inLanguage":"it-IT","potentialAction":[{"@type":"ReadAction","target":["https:\/\/meshkalla.edu.al\/it\/proposta-formativa\/rregullorja-e-privatesise\/"]}]},{"@type":"ImageObject","inLanguage":"it-IT","@id":"https:\/\/meshkalla.edu.al\/it\/proposta-formativa\/rregullorja-e-privatesise\/#primaryimage","url":"https:\/\/meshkalla.edu.al\/wp-content\/uploads\/2025\/02\/Safeguarding.png","contentUrl":"https:\/\/meshkalla.edu.al\/wp-content\/uploads\/2025\/02\/Safeguarding.png","width":225,"height":225},{"@type":"BreadcrumbList","@id":"https:\/\/meshkalla.edu.al\/it\/proposta-formativa\/rregullorja-e-privatesise\/#breadcrumb","itemListElement":[{"@type":"ListItem","position":1,"name":"Home","item":"https:\/\/meshkalla.edu.al\/"},{"@type":"ListItem","position":2,"name":"Proposta formativa","item":"https:\/\/meshkalla.edu.al\/it\/proposta-formativa\/"},{"@type":"ListItem","position":3,"name":"Tutela dei Minori"}]},{"@type":"WebSite","@id":"https:\/\/meshkalla.edu.al\/#website","url":"https:\/\/meshkalla.edu.al\/","name":"Pjet\u00ebr Meshkalla Institute","description":"School of the GesuitiEducazione Network","potentialAction":[{"@type":"SearchAction","target":{"@type":"EntryPoint","urlTemplate":"https:\/\/meshkalla.edu.al\/?s={search_term_string}"},"query-input":{"@type":"PropertyValueSpecification","valueRequired":true,"valueName":"search_term_string"}}],"inLanguage":"it-IT"}]}},"_links":{"self":[{"href":"https:\/\/meshkalla.edu.al\/it\/wp-json\/wp\/v2\/pages\/2222"}],"collection":[{"href":"https:\/\/meshkalla.edu.al\/it\/wp-json\/wp\/v2\/pages"}],"about":[{"href":"https:\/\/meshkalla.edu.al\/it\/wp-json\/wp\/v2\/types\/page"}],"author":[{"embeddable":true,"href":"https:\/\/meshkalla.edu.al\/it\/wp-json\/wp\/v2\/users\/45"}],"replies":[{"embeddable":true,"href":"https:\/\/meshkalla.edu.al\/it\/wp-json\/wp\/v2\/comments?post=2222"}],"version-history":[{"count":2,"href":"https:\/\/meshkalla.edu.al\/it\/wp-json\/wp\/v2\/pages\/2222\/revisions"}],"predecessor-version":[{"id":2233,"href":"https:\/\/meshkalla.edu.al\/it\/wp-json\/wp\/v2\/pages\/2222\/revisions\/2233"}],"up":[{"embeddable":true,"href":"https:\/\/meshkalla.edu.al\/it\/wp-json\/wp\/v2\/pages\/30"}],"wp:featuredmedia":[{"embeddable":true,"href":"https:\/\/meshkalla.edu.al\/it\/wp-json\/wp\/v2\/media\/2217"}],"wp:attachment":[{"href":"https:\/\/meshkalla.edu.al\/it\/wp-json\/wp\/v2\/media?parent=2222"}],"curies":[{"name":"wp","href":"https:\/\/api.w.org\/{rel}","templated":true}]}}