{"id":368,"date":"2015-07-06T13:31:28","date_gmt":"2015-07-06T11:31:28","guid":{"rendered":"http:\/\/meshkalla.gesuiti.it\/?page_id=368"},"modified":"2015-12-24T00:08:07","modified_gmt":"2015-12-23T23:08:07","slug":"meg-movimento-eucaristico-giovanile","status":"publish","type":"page","link":"https:\/\/meshkalla.edu.al\/it\/sociale\/meg-movimento-eucaristico-giovanile\/","title":{"rendered":"MEG (Movimento eucaristico giovanile)"},"content":{"rendered":"<p>LER (Movimento Eucaristico Giovannile )<br \/>\nIl LER (gruppo analogo al MEG) \u00e8 composto da alunni, gesuiti, insegnanti della scuola \u201cAt\u00eb Pjet\u00ebr Meshkalla\u201d e animatori, i quali sono spesso degli ex-alunni. Lo scopo principale \u00e9 di fornire degli elementi che aiutino i ragazzi a crescere sotto diversi aspetti: culturalmente, moralmente e spiritualmente. Tramite le nostre attivit\u00e0 vogliamo dare la spinta per riflettere su noi stessi, per conoscerci meglio, per dare un contributo nella comunit\u00e0 in cui viviamo, per riflettere sulla Sacra Scrittura e le preghiere e per crescere \u201ccon e per\u201d gli altri.<\/p>\n<p>Alla base degli incontri siamo noi, i giovanni alunni e ex-alunni, che abbiamo la possibilit\u00e0 di riflettere sui nostri vissuti, scambiandoci pensieri e esperienze tra noi. Le nostre attivit\u00e0 si svolgono principalmente sui spazi della scuola, per\u00f2 periodicamente facciamo degli incontri negli spazi aperti della nostra citt\u00e0 o fuori di essa.<\/p>\n<p>Le attivit\u00e0 del LER includono anche il contributo nella comunit\u00e0, offrendo cosi la possibilit\u00e0 di conoscere alcune realt\u00e0 difficili e di agire per migliorare il benessere psicologico delle persone che vivono in condizioni di disagio, come ad esempio nelle casafamiglie. In questo modo, tutti noi, oltre ad offrire ci\u00f2 che abbiamo, riceviamo la possibilit\u00e0 di arricchirci spiritualmente, imparando a stare con gli altri e a prenderci cura di loro.<\/p>\n","protected":false},"excerpt":{"rendered":"<p>LER (Movimento Eucaristico Giovannile ) Il LER (gruppo analogo al MEG) \u00e8 composto da alunni, gesuiti, insegnanti della scuola \u201cAt\u00eb Pjet\u00ebr Meshkalla\u201d e animatori, i quali sono spesso degli ex-alunni. Lo scopo principale \u00e9 di fornire degli elementi che aiutino i ragazzi a crescere sotto diversi aspetti: culturalmente, moralmente e<a class=\"continua\" href=\"https:\/\/meshkalla.edu.al\/it\/sociale\/meg-movimento-eucaristico-giovanile\/\"> [continua&#8230;]<\/a><\/p>\n","protected":false},"author":45,"featured_media":0,"parent":389,"menu_order":0,"comment_status":"closed","ping_status":"closed","template":"","meta":{"footnotes":""},"class_list":["post-368","page","type-page","status-publish","hentry"],"yoast_head":"<!-- This site is optimized with the Yoast SEO plugin v25.6 - https:\/\/yoast.com\/wordpress\/plugins\/seo\/ -->\n<title>MEG (Movimento eucaristico giovanile) - Pjet\u00ebr Meshkalla Institute<\/title>\n<meta name=\"robots\" content=\"index, follow, max-snippet:-1, max-image-preview:large, max-video-preview:-1\" \/>\n<link rel=\"canonical\" href=\"https:\/\/meshkalla.edu.al\/it\/sociale\/meg-movimento-eucaristico-giovanile\/\" \/>\n<meta property=\"og:locale\" content=\"it_IT\" \/>\n<meta property=\"og:type\" content=\"article\" \/>\n<meta property=\"og:title\" content=\"MEG (Movimento eucaristico giovanile) - Pjet\u00ebr Meshkalla Institute\" \/>\n<meta property=\"og:description\" content=\"LER (Movimento Eucaristico Giovannile ) Il LER (gruppo analogo al MEG) \u00e8 composto da alunni, gesuiti, insegnanti della scuola \u201cAt\u00eb Pjet\u00ebr Meshkalla\u201d e animatori, i quali sono spesso degli ex-alunni. Lo scopo principale \u00e9 di fornire degli elementi che aiutino i ragazzi a crescere sotto diversi aspetti: culturalmente, moralmente e [continua...]\" \/>\n<meta property=\"og:url\" content=\"https:\/\/meshkalla.edu.al\/it\/sociale\/meg-movimento-eucaristico-giovanile\/\" \/>\n<meta property=\"og:site_name\" content=\"Pjet\u00ebr Meshkalla Institute\" \/>\n<meta property=\"article:modified_time\" content=\"2015-12-23T23:08:07+00:00\" \/>\n<meta name=\"twitter:card\" content=\"summary_large_image\" \/>\n<meta name=\"twitter:label1\" content=\"Tempo di lettura stimato\" \/>\n\t<meta name=\"twitter:data1\" content=\"1 minuto\" \/>\n<script type=\"application\/ld+json\" class=\"yoast-schema-graph\">{\"@context\":\"https:\/\/schema.org\",\"@graph\":[{\"@type\":\"WebPage\",\"@id\":\"https:\/\/meshkalla.edu.al\/it\/sociale\/meg-movimento-eucaristico-giovanile\/\",\"url\":\"https:\/\/meshkalla.edu.al\/it\/sociale\/meg-movimento-eucaristico-giovanile\/\",\"name\":\"MEG (Movimento eucaristico giovanile) - Pjet\u00ebr Meshkalla Institute\",\"isPartOf\":{\"@id\":\"https:\/\/meshkalla.edu.al\/#website\"},\"datePublished\":\"2015-07-06T11:31:28+00:00\",\"dateModified\":\"2015-12-23T23:08:07+00:00\",\"breadcrumb\":{\"@id\":\"https:\/\/meshkalla.edu.al\/it\/sociale\/meg-movimento-eucaristico-giovanile\/#breadcrumb\"},\"inLanguage\":\"it-IT\",\"potentialAction\":[{\"@type\":\"ReadAction\",\"target\":[\"https:\/\/meshkalla.edu.al\/it\/sociale\/meg-movimento-eucaristico-giovanile\/\"]}]},{\"@type\":\"BreadcrumbList\",\"@id\":\"https:\/\/meshkalla.edu.al\/it\/sociale\/meg-movimento-eucaristico-giovanile\/#breadcrumb\",\"itemListElement\":[{\"@type\":\"ListItem\",\"position\":1,\"name\":\"Home\",\"item\":\"https:\/\/meshkalla.edu.al\/\"},{\"@type\":\"ListItem\",\"position\":2,\"name\":\"Attivit\u00e0 extracurricolari\",\"item\":\"https:\/\/meshkalla.edu.al\/it\/sociale\/\"},{\"@type\":\"ListItem\",\"position\":3,\"name\":\"MEG (Movimento eucaristico giovanile)\"}]},{\"@type\":\"WebSite\",\"@id\":\"https:\/\/meshkalla.edu.al\/#website\",\"url\":\"https:\/\/meshkalla.edu.al\/\",\"name\":\"Pjet\u00ebr Meshkalla Institute\",\"description\":\"School of the GesuitiEducazione Network\",\"potentialAction\":[{\"@type\":\"SearchAction\",\"target\":{\"@type\":\"EntryPoint\",\"urlTemplate\":\"https:\/\/meshkalla.edu.al\/?s={search_term_string}\"},\"query-input\":{\"@type\":\"PropertyValueSpecification\",\"valueRequired\":true,\"valueName\":\"search_term_string\"}}],\"inLanguage\":\"it-IT\"}]}<\/script>\n<!-- \/ Yoast SEO plugin. -->","yoast_head_json":{"title":"MEG (Movimento eucaristico giovanile) - Pjet\u00ebr Meshkalla Institute","robots":{"index":"index","follow":"follow","max-snippet":"max-snippet:-1","max-image-preview":"max-image-preview:large","max-video-preview":"max-video-preview:-1"},"canonical":"https:\/\/meshkalla.edu.al\/it\/sociale\/meg-movimento-eucaristico-giovanile\/","og_locale":"it_IT","og_type":"article","og_title":"MEG (Movimento eucaristico giovanile) - Pjet\u00ebr Meshkalla Institute","og_description":"LER (Movimento Eucaristico Giovannile ) Il LER (gruppo analogo al MEG) \u00e8 composto da alunni, gesuiti, insegnanti della scuola \u201cAt\u00eb Pjet\u00ebr Meshkalla\u201d e animatori, i quali sono spesso degli ex-alunni. Lo scopo principale \u00e9 di fornire degli elementi che aiutino i ragazzi a crescere sotto diversi aspetti: culturalmente, moralmente e [continua...]","og_url":"https:\/\/meshkalla.edu.al\/it\/sociale\/meg-movimento-eucaristico-giovanile\/","og_site_name":"Pjet\u00ebr Meshkalla Institute","article_modified_time":"2015-12-23T23:08:07+00:00","twitter_card":"summary_large_image","twitter_misc":{"Tempo di lettura stimato":"1 minuto"},"schema":{"@context":"https:\/\/schema.org","@graph":[{"@type":"WebPage","@id":"https:\/\/meshkalla.edu.al\/it\/sociale\/meg-movimento-eucaristico-giovanile\/","url":"https:\/\/meshkalla.edu.al\/it\/sociale\/meg-movimento-eucaristico-giovanile\/","name":"MEG (Movimento eucaristico giovanile) - Pjet\u00ebr Meshkalla Institute","isPartOf":{"@id":"https:\/\/meshkalla.edu.al\/#website"},"datePublished":"2015-07-06T11:31:28+00:00","dateModified":"2015-12-23T23:08:07+00:00","breadcrumb":{"@id":"https:\/\/meshkalla.edu.al\/it\/sociale\/meg-movimento-eucaristico-giovanile\/#breadcrumb"},"inLanguage":"it-IT","potentialAction":[{"@type":"ReadAction","target":["https:\/\/meshkalla.edu.al\/it\/sociale\/meg-movimento-eucaristico-giovanile\/"]}]},{"@type":"BreadcrumbList","@id":"https:\/\/meshkalla.edu.al\/it\/sociale\/meg-movimento-eucaristico-giovanile\/#breadcrumb","itemListElement":[{"@type":"ListItem","position":1,"name":"Home","item":"https:\/\/meshkalla.edu.al\/"},{"@type":"ListItem","position":2,"name":"Attivit\u00e0 extracurricolari","item":"https:\/\/meshkalla.edu.al\/it\/sociale\/"},{"@type":"ListItem","position":3,"name":"MEG (Movimento eucaristico giovanile)"}]},{"@type":"WebSite","@id":"https:\/\/meshkalla.edu.al\/#website","url":"https:\/\/meshkalla.edu.al\/","name":"Pjet\u00ebr Meshkalla Institute","description":"School of the GesuitiEducazione Network","potentialAction":[{"@type":"SearchAction","target":{"@type":"EntryPoint","urlTemplate":"https:\/\/meshkalla.edu.al\/?s={search_term_string}"},"query-input":{"@type":"PropertyValueSpecification","valueRequired":true,"valueName":"search_term_string"}}],"inLanguage":"it-IT"}]}},"_links":{"self":[{"href":"https:\/\/meshkalla.edu.al\/it\/wp-json\/wp\/v2\/pages\/368"}],"collection":[{"href":"https:\/\/meshkalla.edu.al\/it\/wp-json\/wp\/v2\/pages"}],"about":[{"href":"https:\/\/meshkalla.edu.al\/it\/wp-json\/wp\/v2\/types\/page"}],"author":[{"embeddable":true,"href":"https:\/\/meshkalla.edu.al\/it\/wp-json\/wp\/v2\/users\/45"}],"replies":[{"embeddable":true,"href":"https:\/\/meshkalla.edu.al\/it\/wp-json\/wp\/v2\/comments?post=368"}],"version-history":[{"count":2,"href":"https:\/\/meshkalla.edu.al\/it\/wp-json\/wp\/v2\/pages\/368\/revisions"}],"predecessor-version":[{"id":1535,"href":"https:\/\/meshkalla.edu.al\/it\/wp-json\/wp\/v2\/pages\/368\/revisions\/1535"}],"up":[{"embeddable":true,"href":"https:\/\/meshkalla.edu.al\/it\/wp-json\/wp\/v2\/pages\/389"}],"wp:attachment":[{"href":"https:\/\/meshkalla.edu.al\/it\/wp-json\/wp\/v2\/media?parent=368"}],"curies":[{"name":"wp","href":"https:\/\/api.w.org\/{rel}","templated":true}]}}