{"id":44,"date":"2015-03-12T13:10:22","date_gmt":"2015-03-12T12:10:22","guid":{"rendered":"http:\/\/istituto.gesuiti.it\/?page_id=44"},"modified":"2024-11-12T09:52:07","modified_gmt":"2024-11-12T08:52:07","slug":"chi-siamo","status":"publish","type":"page","link":"https:\/\/meshkalla.edu.al\/it\/per-conoscerci\/chi-siamo\/","title":{"rendered":"La tradizione educativa dei gesuiti"},"content":{"rendered":"<p><a href=\"http:\/\/meshkalla.gesuiti.it\/wp-content\/uploads\/2015\/11\/kolegji-saverian.jpg\" rel=\"attachment wp-att-912\"><img loading=\"lazy\" decoding=\"async\" class=\"alignnone size-medium wp-image-912\" src=\"http:\/\/meshkalla.gesuiti.it\/wp-content\/uploads\/2015\/11\/kolegji-saverian-300x207.jpg\" alt=\"kolegji saverian\" width=\"300\" height=\"207\" srcset=\"https:\/\/meshkalla.edu.al\/wp-content\/uploads\/2015\/11\/kolegji-saverian-300x207.jpg 300w, https:\/\/meshkalla.edu.al\/wp-content\/uploads\/2015\/11\/kolegji-saverian.jpg 460w\" sizes=\"(max-width: 300px) 100vw, 300px\" \/><\/a><\/p>\n<p>Nei secoli i Gesuiti a Scutari si sono distinti per le loro attivit\u00e0 educative e culturali.<\/p>\n<p>Nel 1877 fu aperto il Collegio, che prese il nome da un celebre missionario gesuita del XVI secolo, lo spagnolo San Francesco Saverio.<\/p>\n<p>Il Collegio Saveriano fu inizialmente aperto come una scuola di commercio su richiesta delle famiglie di Scutari, per una buona preparazione umana e professionale dei loro figli, e successivamente, negli anni &#8217;20, si trasform\u00f2 gradualmente in un liceo classico per soddisfare le esigenze di un&#8217;istruzione culturale pi\u00f9 profonda.<\/p>\n<p>Le parole scritte sull\u2019emblema del Collegio, insieme al simbolo nazionale dell\u2019aquila, &#8220;Per Dio, Patria e Progresso&#8221; hanno espresso i principali punti di riferimento di questa scuola, mentre il motto &#8220;Lavoro \u2013 Scienza \u2013 Disciplina&#8221; rifletteva lo stile educativo del Collegio.<\/p>\n<p>La scuola era cattolica, ma anche allora vi studiavano studenti ortodossi e musulmani.<\/p>\n<p>Il Collegio Saveriano rappresenta una lunga tradizione durata molte decadi, che ha lasciato tracce profonde nell\u2019ambito religioso, culturale e sociale di Scutari e dell&#8217;Albania, con una forte eco in vari paesi d&#8217;Europa e d&#8217;America fino al 1946, quando fu distrutto con la forza.<\/p>\n<p>Dopo la caduta del regime comunista, i Gesuiti sono tornati immediatamente in Albania e nel 1992 hanno riaperto a Scutari una piccola scuola in una sede temporanea, con un gruppo di giovani cattolici.<\/p>\n<p>Nel 1994 ai Gesuiti furono restituite le loro vecchie propriet\u00e0, sulle quali era stata costruita una scuola statale. Proprio in questo edificio fu insediata la scuola, che prese il nome di Padre Pjet\u00ebr Meshkalla, un gesuita di Scutari, che in questa citt\u00e0 rimane un simbolo di fede, cultura e libert\u00e0.<\/p>\n<p>Nell&#8217;anno scolastico 1998-99 la scuola &#8220;At\u00eb Pjet\u00ebr Meshkalla&#8221; fu aperta ai giovani, cristiani e musulmani, rispondendo alle esigenze di molte famiglie di Scutari per l\u2019educazione delle future generazioni.<\/p>\n<p>Nell&#8217;anno scolastico 2009-2010 ebbe inizio un altro cambiamento con il passaggio da 4 a 3 anni per il ciclo di studi nella scuola superiore. A questa trasformazione si affianc\u00f2 l&#8217;inizio dei lavori per la nuova struttura.<\/p>\n<p>La continuit\u00e0 dei principi pedagogici e morali dei responsabili della scuola \u2013 ricordando con grande rispetto P. Gaetano Brambillasca, P. Lello Lanzilli, P. Ronny Alessio, P. Giangiacomo Ghiglia \u2013 rende la storia di questa scuola un \u2018unicum\u2019 nel panorama albanese fino ai giorni nostri.<\/p>\n","protected":false},"excerpt":{"rendered":"<p>Nei secoli i Gesuiti a Scutari si sono distinti per le loro attivit\u00e0 educative e culturali. Nel 1877 fu aperto il Collegio, che prese il nome da un celebre missionario gesuita del XVI secolo, lo spagnolo San Francesco Saverio. Il Collegio Saveriano fu inizialmente aperto come una scuola di commercio<a class=\"continua\" href=\"https:\/\/meshkalla.edu.al\/it\/per-conoscerci\/chi-siamo\/\"> [continua&#8230;]<\/a><\/p>\n","protected":false},"author":45,"featured_media":1125,"parent":42,"menu_order":2,"comment_status":"closed","ping_status":"closed","template":"","meta":{"footnotes":""},"class_list":["post-44","page","type-page","status-publish","has-post-thumbnail","hentry"],"yoast_head":"<!-- This site is optimized with the Yoast SEO plugin v25.6 - https:\/\/yoast.com\/wordpress\/plugins\/seo\/ -->\n<title>La tradizione educativa dei gesuiti - Pjet\u00ebr Meshkalla Institute<\/title>\n<meta name=\"robots\" content=\"index, follow, max-snippet:-1, max-image-preview:large, max-video-preview:-1\" \/>\n<link rel=\"canonical\" href=\"https:\/\/meshkalla.edu.al\/it\/per-conoscerci\/chi-siamo\/\" \/>\n<meta property=\"og:locale\" content=\"it_IT\" \/>\n<meta property=\"og:type\" content=\"article\" \/>\n<meta property=\"og:title\" content=\"La tradizione educativa dei gesuiti - Pjet\u00ebr Meshkalla Institute\" \/>\n<meta property=\"og:description\" content=\"Nei secoli i Gesuiti a Scutari si sono distinti per le loro attivit\u00e0 educative e culturali. Nel 1877 fu aperto il Collegio, che prese il nome da un celebre missionario gesuita del XVI secolo, lo spagnolo San Francesco Saverio. Il Collegio Saveriano fu inizialmente aperto come una scuola di commercio [continua...]\" \/>\n<meta property=\"og:url\" content=\"https:\/\/meshkalla.edu.al\/it\/per-conoscerci\/chi-siamo\/\" \/>\n<meta property=\"og:site_name\" content=\"Pjet\u00ebr Meshkalla Institute\" \/>\n<meta property=\"article:modified_time\" content=\"2024-11-12T08:52:07+00:00\" \/>\n<meta property=\"og:image\" content=\"https:\/\/meshkalla.edu.al\/wp-content\/uploads\/2015\/11\/logo-kolegji.jpg\" \/>\n\t<meta property=\"og:image:width\" content=\"480\" \/>\n\t<meta property=\"og:image:height\" content=\"480\" \/>\n\t<meta property=\"og:image:type\" content=\"image\/jpeg\" \/>\n<meta name=\"twitter:card\" content=\"summary_large_image\" \/>\n<meta name=\"twitter:label1\" content=\"Tempo di lettura stimato\" \/>\n\t<meta name=\"twitter:data1\" content=\"3 minuti\" \/>\n<script type=\"application\/ld+json\" class=\"yoast-schema-graph\">{\"@context\":\"https:\/\/schema.org\",\"@graph\":[{\"@type\":\"WebPage\",\"@id\":\"https:\/\/meshkalla.edu.al\/it\/per-conoscerci\/chi-siamo\/\",\"url\":\"https:\/\/meshkalla.edu.al\/it\/per-conoscerci\/chi-siamo\/\",\"name\":\"La tradizione educativa dei gesuiti - Pjet\u00ebr Meshkalla Institute\",\"isPartOf\":{\"@id\":\"https:\/\/meshkalla.edu.al\/#website\"},\"primaryImageOfPage\":{\"@id\":\"https:\/\/meshkalla.edu.al\/it\/per-conoscerci\/chi-siamo\/#primaryimage\"},\"image\":{\"@id\":\"https:\/\/meshkalla.edu.al\/it\/per-conoscerci\/chi-siamo\/#primaryimage\"},\"thumbnailUrl\":\"https:\/\/meshkalla.edu.al\/wp-content\/uploads\/2015\/11\/logo-kolegji.jpg\",\"datePublished\":\"2015-03-12T12:10:22+00:00\",\"dateModified\":\"2024-11-12T08:52:07+00:00\",\"breadcrumb\":{\"@id\":\"https:\/\/meshkalla.edu.al\/it\/per-conoscerci\/chi-siamo\/#breadcrumb\"},\"inLanguage\":\"it-IT\",\"potentialAction\":[{\"@type\":\"ReadAction\",\"target\":[\"https:\/\/meshkalla.edu.al\/it\/per-conoscerci\/chi-siamo\/\"]}]},{\"@type\":\"ImageObject\",\"inLanguage\":\"it-IT\",\"@id\":\"https:\/\/meshkalla.edu.al\/it\/per-conoscerci\/chi-siamo\/#primaryimage\",\"url\":\"https:\/\/meshkalla.edu.al\/wp-content\/uploads\/2015\/11\/logo-kolegji.jpg\",\"contentUrl\":\"https:\/\/meshkalla.edu.al\/wp-content\/uploads\/2015\/11\/logo-kolegji.jpg\",\"width\":480,\"height\":480},{\"@type\":\"BreadcrumbList\",\"@id\":\"https:\/\/meshkalla.edu.al\/it\/per-conoscerci\/chi-siamo\/#breadcrumb\",\"itemListElement\":[{\"@type\":\"ListItem\",\"position\":1,\"name\":\"Home\",\"item\":\"https:\/\/meshkalla.edu.al\/\"},{\"@type\":\"ListItem\",\"position\":2,\"name\":\"Per conoscerci\",\"item\":\"https:\/\/meshkalla.edu.al\/it\/per-conoscerci\/\"},{\"@type\":\"ListItem\",\"position\":3,\"name\":\"La tradizione educativa dei gesuiti\"}]},{\"@type\":\"WebSite\",\"@id\":\"https:\/\/meshkalla.edu.al\/#website\",\"url\":\"https:\/\/meshkalla.edu.al\/\",\"name\":\"Pjet\u00ebr Meshkalla Institute\",\"description\":\"School of the GesuitiEducazione Network\",\"potentialAction\":[{\"@type\":\"SearchAction\",\"target\":{\"@type\":\"EntryPoint\",\"urlTemplate\":\"https:\/\/meshkalla.edu.al\/?s={search_term_string}\"},\"query-input\":{\"@type\":\"PropertyValueSpecification\",\"valueRequired\":true,\"valueName\":\"search_term_string\"}}],\"inLanguage\":\"it-IT\"}]}<\/script>\n<!-- \/ Yoast SEO plugin. -->","yoast_head_json":{"title":"La tradizione educativa dei gesuiti - Pjet\u00ebr Meshkalla Institute","robots":{"index":"index","follow":"follow","max-snippet":"max-snippet:-1","max-image-preview":"max-image-preview:large","max-video-preview":"max-video-preview:-1"},"canonical":"https:\/\/meshkalla.edu.al\/it\/per-conoscerci\/chi-siamo\/","og_locale":"it_IT","og_type":"article","og_title":"La tradizione educativa dei gesuiti - Pjet\u00ebr Meshkalla Institute","og_description":"Nei secoli i Gesuiti a Scutari si sono distinti per le loro attivit\u00e0 educative e culturali. Nel 1877 fu aperto il Collegio, che prese il nome da un celebre missionario gesuita del XVI secolo, lo spagnolo San Francesco Saverio. Il Collegio Saveriano fu inizialmente aperto come una scuola di commercio [continua...]","og_url":"https:\/\/meshkalla.edu.al\/it\/per-conoscerci\/chi-siamo\/","og_site_name":"Pjet\u00ebr Meshkalla Institute","article_modified_time":"2024-11-12T08:52:07+00:00","og_image":[{"width":480,"height":480,"url":"https:\/\/meshkalla.edu.al\/wp-content\/uploads\/2015\/11\/logo-kolegji.jpg","type":"image\/jpeg"}],"twitter_card":"summary_large_image","twitter_misc":{"Tempo di lettura stimato":"3 minuti"},"schema":{"@context":"https:\/\/schema.org","@graph":[{"@type":"WebPage","@id":"https:\/\/meshkalla.edu.al\/it\/per-conoscerci\/chi-siamo\/","url":"https:\/\/meshkalla.edu.al\/it\/per-conoscerci\/chi-siamo\/","name":"La tradizione educativa dei gesuiti - Pjet\u00ebr Meshkalla Institute","isPartOf":{"@id":"https:\/\/meshkalla.edu.al\/#website"},"primaryImageOfPage":{"@id":"https:\/\/meshkalla.edu.al\/it\/per-conoscerci\/chi-siamo\/#primaryimage"},"image":{"@id":"https:\/\/meshkalla.edu.al\/it\/per-conoscerci\/chi-siamo\/#primaryimage"},"thumbnailUrl":"https:\/\/meshkalla.edu.al\/wp-content\/uploads\/2015\/11\/logo-kolegji.jpg","datePublished":"2015-03-12T12:10:22+00:00","dateModified":"2024-11-12T08:52:07+00:00","breadcrumb":{"@id":"https:\/\/meshkalla.edu.al\/it\/per-conoscerci\/chi-siamo\/#breadcrumb"},"inLanguage":"it-IT","potentialAction":[{"@type":"ReadAction","target":["https:\/\/meshkalla.edu.al\/it\/per-conoscerci\/chi-siamo\/"]}]},{"@type":"ImageObject","inLanguage":"it-IT","@id":"https:\/\/meshkalla.edu.al\/it\/per-conoscerci\/chi-siamo\/#primaryimage","url":"https:\/\/meshkalla.edu.al\/wp-content\/uploads\/2015\/11\/logo-kolegji.jpg","contentUrl":"https:\/\/meshkalla.edu.al\/wp-content\/uploads\/2015\/11\/logo-kolegji.jpg","width":480,"height":480},{"@type":"BreadcrumbList","@id":"https:\/\/meshkalla.edu.al\/it\/per-conoscerci\/chi-siamo\/#breadcrumb","itemListElement":[{"@type":"ListItem","position":1,"name":"Home","item":"https:\/\/meshkalla.edu.al\/"},{"@type":"ListItem","position":2,"name":"Per conoscerci","item":"https:\/\/meshkalla.edu.al\/it\/per-conoscerci\/"},{"@type":"ListItem","position":3,"name":"La tradizione educativa dei gesuiti"}]},{"@type":"WebSite","@id":"https:\/\/meshkalla.edu.al\/#website","url":"https:\/\/meshkalla.edu.al\/","name":"Pjet\u00ebr Meshkalla Institute","description":"School of the GesuitiEducazione Network","potentialAction":[{"@type":"SearchAction","target":{"@type":"EntryPoint","urlTemplate":"https:\/\/meshkalla.edu.al\/?s={search_term_string}"},"query-input":{"@type":"PropertyValueSpecification","valueRequired":true,"valueName":"search_term_string"}}],"inLanguage":"it-IT"}]}},"_links":{"self":[{"href":"https:\/\/meshkalla.edu.al\/it\/wp-json\/wp\/v2\/pages\/44"}],"collection":[{"href":"https:\/\/meshkalla.edu.al\/it\/wp-json\/wp\/v2\/pages"}],"about":[{"href":"https:\/\/meshkalla.edu.al\/it\/wp-json\/wp\/v2\/types\/page"}],"author":[{"embeddable":true,"href":"https:\/\/meshkalla.edu.al\/it\/wp-json\/wp\/v2\/users\/45"}],"replies":[{"embeddable":true,"href":"https:\/\/meshkalla.edu.al\/it\/wp-json\/wp\/v2\/comments?post=44"}],"version-history":[{"count":11,"href":"https:\/\/meshkalla.edu.al\/it\/wp-json\/wp\/v2\/pages\/44\/revisions"}],"predecessor-version":[{"id":2192,"href":"https:\/\/meshkalla.edu.al\/it\/wp-json\/wp\/v2\/pages\/44\/revisions\/2192"}],"up":[{"embeddable":true,"href":"https:\/\/meshkalla.edu.al\/it\/wp-json\/wp\/v2\/pages\/42"}],"wp:featuredmedia":[{"embeddable":true,"href":"https:\/\/meshkalla.edu.al\/it\/wp-json\/wp\/v2\/media\/1125"}],"wp:attachment":[{"href":"https:\/\/meshkalla.edu.al\/it\/wp-json\/wp\/v2\/media?parent=44"}],"curies":[{"name":"wp","href":"https:\/\/api.w.org\/{rel}","templated":true}]}}