{"id":475,"date":"2015-11-04T09:16:38","date_gmt":"2015-11-04T08:16:38","guid":{"rendered":"http:\/\/meshkalla.gesuiti.it\/?page_id=475"},"modified":"2024-11-25T11:30:17","modified_gmt":"2024-11-25T10:30:17","slug":"mission","status":"publish","type":"page","link":"https:\/\/meshkalla.edu.al\/it\/per-conoscerci\/mission\/","title":{"rendered":"Visione e Missione"},"content":{"rendered":"<p>VISIONE<br \/>\nLa scuola \u201cAt\u00eb Pjet\u00ebr Meshkalla\u201d, come parte della Fondazione \u201cGesuiti Educazione\u201d, condivide la stessa visione di tutte le scuole partecipanti:<\/p>\n<p><em>\u201cLe scuole della Fondazione Gesuiti Educazione si impegnano a formare cittadini globali competenti, coscienti, compassionevoli e impegnati nell\u2019affrontare con creativit\u00e0 e audacia le sfide del loro tempo, nel modo di Ges\u00f9 Cristo, in accogliente dialogo con ogni altra prospettiva religiosa e avendo cura degli altri, specie i pi\u00f9 bisognosi, e del mondo, la nostra casa comune, secondo giustizia, amore e pace\u201d.<\/em><\/p>\n<p>Incarnata all\u2019interno della cultura e della storia albanese, il Pjeter Meshkalla si propone come scuola gesuitica di qualit\u00e0 per l\u2019Albania, luogo di speranza per i giovani, i docenti, le famiglie e la societ\u00e0.<\/p>\n<p>A tutti loro intende offrire<\/p>\n<p>&#8211;\u00a0 \u00a0 \u00a0 \u00a0 \u00a0 una buona istruzione ed una solida formazione personale in un positivo e gioioso ambiente di crescita<\/p>\n<p>&#8211;\u00a0 \u00a0 \u00a0 \u00a0 \u00a0 la pedagogia ignaziana come strumento privilegiato: per la comprensione della vita interiore ed emotiva; per l\u2019acquisizione di una capacit\u00e0 critica in vista di scelte autonome, coraggiose e evangeliche; per l\u2019educazione all\u2019impegno, alla responsabilit\u00e0, alla giustizia e al servizio<\/p>\n<p>&#8211;\u00a0 \u00a0 \u00a0 \u00a0 \u00a0 una didattica attiva e coinvolgente che mette al centro la persona dell\u2019alunno accompagnato da docenti e formatori professionalmente preparati e maestri di vita<\/p>\n<p>Intende inoltre favorire:<\/p>\n<p>&#8211;\u00a0 \u00a0 \u00a0 \u00a0 \u00a0 l\u2019accesso ad una buona educazione per tutti con pari opportunit\u00e0, senza discriminazioni e con una particolare attenzione ai ragazzi pi\u00f9 svantaggiati<\/p>\n<p>&#8211;\u00a0 \u00a0 \u00a0 \u00a0 \u00a0 un\u2019apertura all\u2019orizzonte internazionale e della Rete delle scuole dei Gesuiti conservando la ricchezza delle proprie radici<\/p>\n<p>&#8211;\u00a0 \u00a0 \u00a0 \u00a0 \u00a0 la costruzione di una societ\u00e0 capace di vivere in pace e riconciliazione tra persone, religioni e culture diverse, nel rispetto del creato<\/p>\n","protected":false},"excerpt":{"rendered":"<p>VISIONE La scuola \u201cAt\u00eb Pjet\u00ebr Meshkalla\u201d, come parte della Fondazione \u201cGesuiti Educazione\u201d, condivide la stessa visione di tutte le scuole partecipanti: \u201cLe scuole della Fondazione Gesuiti Educazione si impegnano a formare cittadini globali competenti, coscienti, compassionevoli e impegnati nell\u2019affrontare con creativit\u00e0 e audacia le sfide del loro tempo, nel modo<a class=\"continua\" href=\"https:\/\/meshkalla.edu.al\/it\/per-conoscerci\/mission\/\"> [continua&#8230;]<\/a><\/p>\n","protected":false},"author":45,"featured_media":0,"parent":42,"menu_order":3,"comment_status":"closed","ping_status":"closed","template":"","meta":{"footnotes":""},"class_list":["post-475","page","type-page","status-publish","hentry"],"yoast_head":"<!-- This site is optimized with the Yoast SEO plugin v25.6 - https:\/\/yoast.com\/wordpress\/plugins\/seo\/ -->\n<title>Visione e Missione - Pjet\u00ebr Meshkalla Institute<\/title>\n<meta name=\"robots\" content=\"index, follow, max-snippet:-1, max-image-preview:large, max-video-preview:-1\" \/>\n<link rel=\"canonical\" href=\"https:\/\/meshkalla.edu.al\/it\/per-conoscerci\/mission\/\" \/>\n<meta property=\"og:locale\" content=\"it_IT\" \/>\n<meta property=\"og:type\" content=\"article\" \/>\n<meta property=\"og:title\" content=\"Visione e Missione - Pjet\u00ebr Meshkalla Institute\" \/>\n<meta property=\"og:description\" content=\"VISIONE La scuola \u201cAt\u00eb Pjet\u00ebr Meshkalla\u201d, come parte della Fondazione \u201cGesuiti Educazione\u201d, condivide la stessa visione di tutte le scuole partecipanti: \u201cLe scuole della Fondazione Gesuiti Educazione si impegnano a formare cittadini globali competenti, coscienti, compassionevoli e impegnati nell\u2019affrontare con creativit\u00e0 e audacia le sfide del loro tempo, nel modo [continua...]\" \/>\n<meta property=\"og:url\" content=\"https:\/\/meshkalla.edu.al\/it\/per-conoscerci\/mission\/\" \/>\n<meta property=\"og:site_name\" content=\"Pjet\u00ebr Meshkalla Institute\" \/>\n<meta property=\"article:modified_time\" content=\"2024-11-25T10:30:17+00:00\" \/>\n<meta name=\"twitter:card\" content=\"summary_large_image\" \/>\n<meta name=\"twitter:label1\" content=\"Tempo di lettura stimato\" \/>\n\t<meta name=\"twitter:data1\" content=\"2 minuti\" \/>\n<script type=\"application\/ld+json\" class=\"yoast-schema-graph\">{\"@context\":\"https:\/\/schema.org\",\"@graph\":[{\"@type\":\"WebPage\",\"@id\":\"https:\/\/meshkalla.edu.al\/it\/per-conoscerci\/mission\/\",\"url\":\"https:\/\/meshkalla.edu.al\/it\/per-conoscerci\/mission\/\",\"name\":\"Visione e Missione - Pjet\u00ebr Meshkalla Institute\",\"isPartOf\":{\"@id\":\"https:\/\/meshkalla.edu.al\/#website\"},\"datePublished\":\"2015-11-04T08:16:38+00:00\",\"dateModified\":\"2024-11-25T10:30:17+00:00\",\"breadcrumb\":{\"@id\":\"https:\/\/meshkalla.edu.al\/it\/per-conoscerci\/mission\/#breadcrumb\"},\"inLanguage\":\"it-IT\",\"potentialAction\":[{\"@type\":\"ReadAction\",\"target\":[\"https:\/\/meshkalla.edu.al\/it\/per-conoscerci\/mission\/\"]}]},{\"@type\":\"BreadcrumbList\",\"@id\":\"https:\/\/meshkalla.edu.al\/it\/per-conoscerci\/mission\/#breadcrumb\",\"itemListElement\":[{\"@type\":\"ListItem\",\"position\":1,\"name\":\"Home\",\"item\":\"https:\/\/meshkalla.edu.al\/\"},{\"@type\":\"ListItem\",\"position\":2,\"name\":\"Per conoscerci\",\"item\":\"https:\/\/meshkalla.edu.al\/it\/per-conoscerci\/\"},{\"@type\":\"ListItem\",\"position\":3,\"name\":\"Visione e Missione\"}]},{\"@type\":\"WebSite\",\"@id\":\"https:\/\/meshkalla.edu.al\/#website\",\"url\":\"https:\/\/meshkalla.edu.al\/\",\"name\":\"Pjet\u00ebr Meshkalla Institute\",\"description\":\"School of the GesuitiEducazione Network\",\"potentialAction\":[{\"@type\":\"SearchAction\",\"target\":{\"@type\":\"EntryPoint\",\"urlTemplate\":\"https:\/\/meshkalla.edu.al\/?s={search_term_string}\"},\"query-input\":{\"@type\":\"PropertyValueSpecification\",\"valueRequired\":true,\"valueName\":\"search_term_string\"}}],\"inLanguage\":\"it-IT\"}]}<\/script>\n<!-- \/ Yoast SEO plugin. -->","yoast_head_json":{"title":"Visione e Missione - Pjet\u00ebr Meshkalla Institute","robots":{"index":"index","follow":"follow","max-snippet":"max-snippet:-1","max-image-preview":"max-image-preview:large","max-video-preview":"max-video-preview:-1"},"canonical":"https:\/\/meshkalla.edu.al\/it\/per-conoscerci\/mission\/","og_locale":"it_IT","og_type":"article","og_title":"Visione e Missione - Pjet\u00ebr Meshkalla Institute","og_description":"VISIONE La scuola \u201cAt\u00eb Pjet\u00ebr Meshkalla\u201d, come parte della Fondazione \u201cGesuiti Educazione\u201d, condivide la stessa visione di tutte le scuole partecipanti: \u201cLe scuole della Fondazione Gesuiti Educazione si impegnano a formare cittadini globali competenti, coscienti, compassionevoli e impegnati nell\u2019affrontare con creativit\u00e0 e audacia le sfide del loro tempo, nel modo [continua...]","og_url":"https:\/\/meshkalla.edu.al\/it\/per-conoscerci\/mission\/","og_site_name":"Pjet\u00ebr Meshkalla Institute","article_modified_time":"2024-11-25T10:30:17+00:00","twitter_card":"summary_large_image","twitter_misc":{"Tempo di lettura stimato":"2 minuti"},"schema":{"@context":"https:\/\/schema.org","@graph":[{"@type":"WebPage","@id":"https:\/\/meshkalla.edu.al\/it\/per-conoscerci\/mission\/","url":"https:\/\/meshkalla.edu.al\/it\/per-conoscerci\/mission\/","name":"Visione e Missione - Pjet\u00ebr Meshkalla Institute","isPartOf":{"@id":"https:\/\/meshkalla.edu.al\/#website"},"datePublished":"2015-11-04T08:16:38+00:00","dateModified":"2024-11-25T10:30:17+00:00","breadcrumb":{"@id":"https:\/\/meshkalla.edu.al\/it\/per-conoscerci\/mission\/#breadcrumb"},"inLanguage":"it-IT","potentialAction":[{"@type":"ReadAction","target":["https:\/\/meshkalla.edu.al\/it\/per-conoscerci\/mission\/"]}]},{"@type":"BreadcrumbList","@id":"https:\/\/meshkalla.edu.al\/it\/per-conoscerci\/mission\/#breadcrumb","itemListElement":[{"@type":"ListItem","position":1,"name":"Home","item":"https:\/\/meshkalla.edu.al\/"},{"@type":"ListItem","position":2,"name":"Per conoscerci","item":"https:\/\/meshkalla.edu.al\/it\/per-conoscerci\/"},{"@type":"ListItem","position":3,"name":"Visione e Missione"}]},{"@type":"WebSite","@id":"https:\/\/meshkalla.edu.al\/#website","url":"https:\/\/meshkalla.edu.al\/","name":"Pjet\u00ebr Meshkalla Institute","description":"School of the GesuitiEducazione Network","potentialAction":[{"@type":"SearchAction","target":{"@type":"EntryPoint","urlTemplate":"https:\/\/meshkalla.edu.al\/?s={search_term_string}"},"query-input":{"@type":"PropertyValueSpecification","valueRequired":true,"valueName":"search_term_string"}}],"inLanguage":"it-IT"}]}},"_links":{"self":[{"href":"https:\/\/meshkalla.edu.al\/it\/wp-json\/wp\/v2\/pages\/475"}],"collection":[{"href":"https:\/\/meshkalla.edu.al\/it\/wp-json\/wp\/v2\/pages"}],"about":[{"href":"https:\/\/meshkalla.edu.al\/it\/wp-json\/wp\/v2\/types\/page"}],"author":[{"embeddable":true,"href":"https:\/\/meshkalla.edu.al\/it\/wp-json\/wp\/v2\/users\/45"}],"replies":[{"embeddable":true,"href":"https:\/\/meshkalla.edu.al\/it\/wp-json\/wp\/v2\/comments?post=475"}],"version-history":[{"count":6,"href":"https:\/\/meshkalla.edu.al\/it\/wp-json\/wp\/v2\/pages\/475\/revisions"}],"predecessor-version":[{"id":2205,"href":"https:\/\/meshkalla.edu.al\/it\/wp-json\/wp\/v2\/pages\/475\/revisions\/2205"}],"up":[{"embeddable":true,"href":"https:\/\/meshkalla.edu.al\/it\/wp-json\/wp\/v2\/pages\/42"}],"wp:attachment":[{"href":"https:\/\/meshkalla.edu.al\/it\/wp-json\/wp\/v2\/media?parent=475"}],"curies":[{"name":"wp","href":"https:\/\/api.w.org\/{rel}","templated":true}]}}