{"id":477,"date":"2015-11-04T09:17:42","date_gmt":"2015-11-04T08:17:42","guid":{"rendered":"http:\/\/meshkalla.gesuiti.it\/?page_id=477"},"modified":"2024-10-28T14:29:58","modified_gmt":"2024-10-28T13:29:58","slug":"chi-siamo-2","status":"publish","type":"page","link":"https:\/\/meshkalla.edu.al\/it\/per-conoscerci\/chi-siamo-2\/","title":{"rendered":"Chi siamo"},"content":{"rendered":"<p>Chi siamo oggi<br \/>\nIl liceo privato &#8220;At\u00eb Pjet\u00ebr Meshkalla,&#8221; guidato dai padri gesuiti e parte della Fondazione &#8220;Gesuiti Educazione,&#8221; offre un&#8217;educazione di qualit\u00e0, inclusiva e attenta alle problematiche della societ\u00e0 albanese e del mondo giovanile.<br \/>\nParte della rete della Fondazione &#8220;Gesuiti Educazione,&#8221; che comprende scuole a Milano, Torino, Roma, Napoli, Palermo, Messina e Malta, accoglie circa 7.000 studenti e centinaia di docenti dall\u2019infanzia fino al liceo, affrontando le sfide educative dei nostri tempi e condividendo l\u2019alto ideale dell\u2019educazione gesuita.<\/p>\n<p>Caratteristiche della Scuola<br \/>\nIl liceo &#8220;At\u00eb Pjet\u00ebr Meshkalla&#8221; \u00e8 una scuola privata di livello superiore aperta a tutti senza discriminazioni. Segue il sistema pre-universitario albanese con un programma triennale che include materie di base obbligatorie e materie opzionali scelte dagli studenti.<\/p>\n<p>La scuola dedica particolare attenzione allo sviluppo professionale continuo del personale per affrontare le sfide educative moderne. Gli ambienti piacevoli, le aule e i laboratori sono sempre a supporto della formazione didattica e umana completa. La scuola \u00e8 aperta a chiunque desideri seguire un&#8217;offerta educativa che promuove l&#8217;eccellenza umana e formativa.<\/p>\n","protected":false},"excerpt":{"rendered":"<p>Chi siamo oggi Il liceo privato &#8220;At\u00eb Pjet\u00ebr Meshkalla,&#8221; guidato dai padri gesuiti e parte della Fondazione &#8220;Gesuiti Educazione,&#8221; offre un&#8217;educazione di qualit\u00e0, inclusiva e attenta alle problematiche della societ\u00e0 albanese e del mondo giovanile. Parte della rete della Fondazione &#8220;Gesuiti Educazione,&#8221; che comprende scuole a Milano, Torino, Roma, Napoli,<a class=\"continua\" href=\"https:\/\/meshkalla.edu.al\/it\/per-conoscerci\/chi-siamo-2\/\"> [continua&#8230;]<\/a><\/p>\n","protected":false},"author":45,"featured_media":1122,"parent":42,"menu_order":1,"comment_status":"closed","ping_status":"closed","template":"","meta":{"footnotes":""},"class_list":["post-477","page","type-page","status-publish","has-post-thumbnail","hentry"],"yoast_head":"<!-- This site is optimized with the Yoast SEO plugin v25.6 - https:\/\/yoast.com\/wordpress\/plugins\/seo\/ -->\n<title>Chi siamo - Pjet\u00ebr Meshkalla Institute<\/title>\n<meta name=\"robots\" content=\"index, follow, max-snippet:-1, max-image-preview:large, max-video-preview:-1\" \/>\n<link rel=\"canonical\" href=\"https:\/\/meshkalla.edu.al\/it\/per-conoscerci\/chi-siamo-2\/\" \/>\n<meta property=\"og:locale\" content=\"it_IT\" \/>\n<meta property=\"og:type\" content=\"article\" \/>\n<meta property=\"og:title\" content=\"Chi siamo - Pjet\u00ebr Meshkalla Institute\" \/>\n<meta property=\"og:description\" content=\"Chi siamo oggi Il liceo privato &#8220;At\u00eb Pjet\u00ebr Meshkalla,&#8221; guidato dai padri gesuiti e parte della Fondazione &#8220;Gesuiti Educazione,&#8221; offre un&#8217;educazione di qualit\u00e0, inclusiva e attenta alle problematiche della societ\u00e0 albanese e del mondo giovanile. Parte della rete della Fondazione &#8220;Gesuiti Educazione,&#8221; che comprende scuole a Milano, Torino, Roma, Napoli, [continua...]\" \/>\n<meta property=\"og:url\" content=\"https:\/\/meshkalla.edu.al\/it\/per-conoscerci\/chi-siamo-2\/\" \/>\n<meta property=\"og:site_name\" content=\"Pjet\u00ebr Meshkalla Institute\" \/>\n<meta property=\"article:modified_time\" content=\"2024-10-28T13:29:58+00:00\" \/>\n<meta property=\"og:image\" content=\"https:\/\/meshkalla.edu.al\/wp-content\/uploads\/2015\/12\/pjetri.apm_.jpg\" \/>\n\t<meta property=\"og:image:width\" content=\"540\" \/>\n\t<meta property=\"og:image:height\" content=\"540\" \/>\n\t<meta property=\"og:image:type\" content=\"image\/jpeg\" \/>\n<meta name=\"twitter:card\" content=\"summary_large_image\" \/>\n<meta name=\"twitter:label1\" content=\"Tempo di lettura stimato\" \/>\n\t<meta name=\"twitter:data1\" content=\"1 minuto\" \/>\n<script type=\"application\/ld+json\" class=\"yoast-schema-graph\">{\"@context\":\"https:\/\/schema.org\",\"@graph\":[{\"@type\":\"WebPage\",\"@id\":\"https:\/\/meshkalla.edu.al\/it\/per-conoscerci\/chi-siamo-2\/\",\"url\":\"https:\/\/meshkalla.edu.al\/it\/per-conoscerci\/chi-siamo-2\/\",\"name\":\"Chi siamo - Pjet\u00ebr Meshkalla Institute\",\"isPartOf\":{\"@id\":\"https:\/\/meshkalla.edu.al\/#website\"},\"primaryImageOfPage\":{\"@id\":\"https:\/\/meshkalla.edu.al\/it\/per-conoscerci\/chi-siamo-2\/#primaryimage\"},\"image\":{\"@id\":\"https:\/\/meshkalla.edu.al\/it\/per-conoscerci\/chi-siamo-2\/#primaryimage\"},\"thumbnailUrl\":\"https:\/\/meshkalla.edu.al\/wp-content\/uploads\/2015\/12\/pjetri.apm_.jpg\",\"datePublished\":\"2015-11-04T08:17:42+00:00\",\"dateModified\":\"2024-10-28T13:29:58+00:00\",\"breadcrumb\":{\"@id\":\"https:\/\/meshkalla.edu.al\/it\/per-conoscerci\/chi-siamo-2\/#breadcrumb\"},\"inLanguage\":\"it-IT\",\"potentialAction\":[{\"@type\":\"ReadAction\",\"target\":[\"https:\/\/meshkalla.edu.al\/it\/per-conoscerci\/chi-siamo-2\/\"]}]},{\"@type\":\"ImageObject\",\"inLanguage\":\"it-IT\",\"@id\":\"https:\/\/meshkalla.edu.al\/it\/per-conoscerci\/chi-siamo-2\/#primaryimage\",\"url\":\"https:\/\/meshkalla.edu.al\/wp-content\/uploads\/2015\/12\/pjetri.apm_.jpg\",\"contentUrl\":\"https:\/\/meshkalla.edu.al\/wp-content\/uploads\/2015\/12\/pjetri.apm_.jpg\",\"width\":540,\"height\":540},{\"@type\":\"BreadcrumbList\",\"@id\":\"https:\/\/meshkalla.edu.al\/it\/per-conoscerci\/chi-siamo-2\/#breadcrumb\",\"itemListElement\":[{\"@type\":\"ListItem\",\"position\":1,\"name\":\"Home\",\"item\":\"https:\/\/meshkalla.edu.al\/\"},{\"@type\":\"ListItem\",\"position\":2,\"name\":\"Per conoscerci\",\"item\":\"https:\/\/meshkalla.edu.al\/it\/per-conoscerci\/\"},{\"@type\":\"ListItem\",\"position\":3,\"name\":\"Chi siamo\"}]},{\"@type\":\"WebSite\",\"@id\":\"https:\/\/meshkalla.edu.al\/#website\",\"url\":\"https:\/\/meshkalla.edu.al\/\",\"name\":\"Pjet\u00ebr Meshkalla Institute\",\"description\":\"School of the GesuitiEducazione Network\",\"potentialAction\":[{\"@type\":\"SearchAction\",\"target\":{\"@type\":\"EntryPoint\",\"urlTemplate\":\"https:\/\/meshkalla.edu.al\/?s={search_term_string}\"},\"query-input\":{\"@type\":\"PropertyValueSpecification\",\"valueRequired\":true,\"valueName\":\"search_term_string\"}}],\"inLanguage\":\"it-IT\"}]}<\/script>\n<!-- \/ Yoast SEO plugin. -->","yoast_head_json":{"title":"Chi siamo - Pjet\u00ebr Meshkalla Institute","robots":{"index":"index","follow":"follow","max-snippet":"max-snippet:-1","max-image-preview":"max-image-preview:large","max-video-preview":"max-video-preview:-1"},"canonical":"https:\/\/meshkalla.edu.al\/it\/per-conoscerci\/chi-siamo-2\/","og_locale":"it_IT","og_type":"article","og_title":"Chi siamo - Pjet\u00ebr Meshkalla Institute","og_description":"Chi siamo oggi Il liceo privato &#8220;At\u00eb Pjet\u00ebr Meshkalla,&#8221; guidato dai padri gesuiti e parte della Fondazione &#8220;Gesuiti Educazione,&#8221; offre un&#8217;educazione di qualit\u00e0, inclusiva e attenta alle problematiche della societ\u00e0 albanese e del mondo giovanile. Parte della rete della Fondazione &#8220;Gesuiti Educazione,&#8221; che comprende scuole a Milano, Torino, Roma, Napoli, [continua...]","og_url":"https:\/\/meshkalla.edu.al\/it\/per-conoscerci\/chi-siamo-2\/","og_site_name":"Pjet\u00ebr Meshkalla Institute","article_modified_time":"2024-10-28T13:29:58+00:00","og_image":[{"width":540,"height":540,"url":"https:\/\/meshkalla.edu.al\/wp-content\/uploads\/2015\/12\/pjetri.apm_.jpg","type":"image\/jpeg"}],"twitter_card":"summary_large_image","twitter_misc":{"Tempo di lettura stimato":"1 minuto"},"schema":{"@context":"https:\/\/schema.org","@graph":[{"@type":"WebPage","@id":"https:\/\/meshkalla.edu.al\/it\/per-conoscerci\/chi-siamo-2\/","url":"https:\/\/meshkalla.edu.al\/it\/per-conoscerci\/chi-siamo-2\/","name":"Chi siamo - Pjet\u00ebr Meshkalla Institute","isPartOf":{"@id":"https:\/\/meshkalla.edu.al\/#website"},"primaryImageOfPage":{"@id":"https:\/\/meshkalla.edu.al\/it\/per-conoscerci\/chi-siamo-2\/#primaryimage"},"image":{"@id":"https:\/\/meshkalla.edu.al\/it\/per-conoscerci\/chi-siamo-2\/#primaryimage"},"thumbnailUrl":"https:\/\/meshkalla.edu.al\/wp-content\/uploads\/2015\/12\/pjetri.apm_.jpg","datePublished":"2015-11-04T08:17:42+00:00","dateModified":"2024-10-28T13:29:58+00:00","breadcrumb":{"@id":"https:\/\/meshkalla.edu.al\/it\/per-conoscerci\/chi-siamo-2\/#breadcrumb"},"inLanguage":"it-IT","potentialAction":[{"@type":"ReadAction","target":["https:\/\/meshkalla.edu.al\/it\/per-conoscerci\/chi-siamo-2\/"]}]},{"@type":"ImageObject","inLanguage":"it-IT","@id":"https:\/\/meshkalla.edu.al\/it\/per-conoscerci\/chi-siamo-2\/#primaryimage","url":"https:\/\/meshkalla.edu.al\/wp-content\/uploads\/2015\/12\/pjetri.apm_.jpg","contentUrl":"https:\/\/meshkalla.edu.al\/wp-content\/uploads\/2015\/12\/pjetri.apm_.jpg","width":540,"height":540},{"@type":"BreadcrumbList","@id":"https:\/\/meshkalla.edu.al\/it\/per-conoscerci\/chi-siamo-2\/#breadcrumb","itemListElement":[{"@type":"ListItem","position":1,"name":"Home","item":"https:\/\/meshkalla.edu.al\/"},{"@type":"ListItem","position":2,"name":"Per conoscerci","item":"https:\/\/meshkalla.edu.al\/it\/per-conoscerci\/"},{"@type":"ListItem","position":3,"name":"Chi siamo"}]},{"@type":"WebSite","@id":"https:\/\/meshkalla.edu.al\/#website","url":"https:\/\/meshkalla.edu.al\/","name":"Pjet\u00ebr Meshkalla Institute","description":"School of the GesuitiEducazione Network","potentialAction":[{"@type":"SearchAction","target":{"@type":"EntryPoint","urlTemplate":"https:\/\/meshkalla.edu.al\/?s={search_term_string}"},"query-input":{"@type":"PropertyValueSpecification","valueRequired":true,"valueName":"search_term_string"}}],"inLanguage":"it-IT"}]}},"_links":{"self":[{"href":"https:\/\/meshkalla.edu.al\/it\/wp-json\/wp\/v2\/pages\/477"}],"collection":[{"href":"https:\/\/meshkalla.edu.al\/it\/wp-json\/wp\/v2\/pages"}],"about":[{"href":"https:\/\/meshkalla.edu.al\/it\/wp-json\/wp\/v2\/types\/page"}],"author":[{"embeddable":true,"href":"https:\/\/meshkalla.edu.al\/it\/wp-json\/wp\/v2\/users\/45"}],"replies":[{"embeddable":true,"href":"https:\/\/meshkalla.edu.al\/it\/wp-json\/wp\/v2\/comments?post=477"}],"version-history":[{"count":5,"href":"https:\/\/meshkalla.edu.al\/it\/wp-json\/wp\/v2\/pages\/477\/revisions"}],"predecessor-version":[{"id":2175,"href":"https:\/\/meshkalla.edu.al\/it\/wp-json\/wp\/v2\/pages\/477\/revisions\/2175"}],"up":[{"embeddable":true,"href":"https:\/\/meshkalla.edu.al\/it\/wp-json\/wp\/v2\/pages\/42"}],"wp:featuredmedia":[{"embeddable":true,"href":"https:\/\/meshkalla.edu.al\/it\/wp-json\/wp\/v2\/media\/1122"}],"wp:attachment":[{"href":"https:\/\/meshkalla.edu.al\/it\/wp-json\/wp\/v2\/media?parent=477"}],"curies":[{"name":"wp","href":"https:\/\/api.w.org\/{rel}","templated":true}]}}