{"id":50,"date":"2015-03-12T13:11:08","date_gmt":"2015-03-12T12:11:08","guid":{"rendered":"http:\/\/istituto.gesuiti.it\/?page_id=50"},"modified":"2015-12-23T22:27:47","modified_gmt":"2015-12-23T21:27:47","slug":"dove-siamo","status":"publish","type":"page","link":"https:\/\/meshkalla.edu.al\/it\/per-conoscerci\/dove-siamo\/","title":{"rendered":"Dove siamo"},"content":{"rendered":"<p>La scuola \u201cAt\u00eb Pjet\u00ebr Meshkalla\u201d diretta dai Padri Gesuiti si trova all\u2019indirizzo Rruga e Jezuiteve; 4001 SHKODER-ALBANIA, a soli 100 m di distanza dal Comune della citt\u00e0 ed a 300 m dalla cattedrale di Santo Stefano.<\/p>\n<p>Scutari \u00e8 il capoluogo della Prefettura di Scutari e la citt\u00e0 pi\u00f9 grande della parte settentrionale della Repubblica d\u2019Albania, il centro tradizionale della cultura albanese, importante nodo idrografico e del trasporto automobilistico, come anche principale porta ferroviaria per il collegamento dell\u2019Albania con il Montenegro e con tutta l\u2019Europa.<\/p>\n<p>La circoscrizione di Scutari \u00e8 \u00a0delimitata ad est dalle circoscrizioni di Tropoja e di Puka, a sud da quella di Lezha, a sud-ovest dal mare Adriatico, mentre ad ovest dal confine statale con il Montenegro e a nord dalla circoscrizione della Mal\u00ebsia e Madhe.<\/p>\n<p>Ha una superficie di 2.528 km\u00b2 ed una popolazione di circa 185.794 abitanti.<\/p>\n<p>La citt\u00e0 di Scutari si trova a 16 m s.l.m. Fu fondata nel IV sec. a.C. dalla trib\u00f9 dei Labeati durante il dominio del re Gent intorno al castello di \u201cRozafa\u201d.<\/p>\n<p>Predomina l\u2019aspetto montuoso, mentre solo una parte \u00e8 collinare e pianeggiante. Il punto pi\u00f9 alto della circoscrizione \u00e8 Rahodima (2570 m), ma troviamo anche rilievi pi\u00f9 bassi come il Tarabosh (595 m), fino alle colline di Bushat, di B\u00ebrdic\u00eb, di Kakarriq, di Rrenc\u00eb e di Tepe. Fra le valli pi\u00f9 belle nella circoscrizione di Scutari c\u2019\u00e8 la valle di Shal\u00eb, quella di Kir e quella di P\u00ebrroi t\u00eb That\u00eb. Il solo fiume navigabile dell\u2019Albania, che nasce dal lago di Scutari ed ha una lunghezza di 44 km \u00e8 il Buna. A distanza di un 1.5 km dalla sua fonte, il Buna si unisce al fiume Drin assumendo un aspetto meraviglioso. Il Buna sfocia nel mar Adriatico realizzando cos\u00ec il collegamento della citt\u00e0 di Scutari con il mare. Il Drin \u00e8 il fiume pi\u00f9 lungo in questa zona ed ha un\u2019importanza straordinaria per l\u2019economia di Scutari e di tutta l\u2019Albania. Lungo il fiume Drin sono stati creati tre laghi artificiali: il lago di Vau Dej\u00ebs, il lago di Koman e quello di Shtodrit. Ad ovest della citt\u00e0 si trova il lago di Scutari, con una superficie di 368 km\u00b2 dei quali 149 km\u00b2 fanno parte del territorio dell\u2019Albania, mentre l\u2019altra parte appartiene al Montenegro. A soli 32 km dalla citt\u00e0 di Scutari si trova la spiaggia di Velipoj\u00eb che \u00e8 bagnata dal mar Adriatico.<\/p>\n<p>Scutari si distingue per un\u2019urbanistica particolare. Il castello di \u201cRozafa\u201d \u00e8 il monumento storico pi\u00f9 antico, che cominci\u00f2 ad essere costruito nei secoli V e IV a.C. fra il fiume Drin ed il Buna. L\u2019orologio inglese costituisce un altro monumento architettonico della citt\u00e0, costruito a met\u00e0 secolo XIX. Da ricordare la chiesa di San Francesco a Gjuhadol, la Moschea di Piombo, la Cattedrale e la chiesa ortodossa. Scutari \u00e8 la citt\u00e0 della cultura, del sapere, dell\u2019arte, della musica, dello sport.<\/p>\n<p>&nbsp;<\/p>\n","protected":false},"excerpt":{"rendered":"<p>La scuola \u201cAt\u00eb Pjet\u00ebr Meshkalla\u201d diretta dai Padri Gesuiti si trova all\u2019indirizzo Rruga e Jezuiteve; 4001 SHKODER-ALBANIA, a soli 100 m di distanza dal Comune della citt\u00e0 ed a 300 m dalla cattedrale di Santo Stefano. Scutari \u00e8 il capoluogo della Prefettura di Scutari e la citt\u00e0 pi\u00f9 grande della<a class=\"continua\" href=\"https:\/\/meshkalla.edu.al\/it\/per-conoscerci\/dove-siamo\/\"> [continua&#8230;]<\/a><\/p>\n","protected":false},"author":45,"featured_media":1072,"parent":42,"menu_order":6,"comment_status":"closed","ping_status":"closed","template":"","meta":{"footnotes":""},"class_list":["post-50","page","type-page","status-publish","has-post-thumbnail","hentry"],"yoast_head":"<!-- This site is optimized with the Yoast SEO plugin v25.6 - https:\/\/yoast.com\/wordpress\/plugins\/seo\/ -->\n<title>Dove siamo - Pjet\u00ebr Meshkalla Institute<\/title>\n<meta name=\"robots\" content=\"index, follow, max-snippet:-1, max-image-preview:large, max-video-preview:-1\" \/>\n<link rel=\"canonical\" href=\"https:\/\/meshkalla.edu.al\/it\/per-conoscerci\/dove-siamo\/\" \/>\n<meta property=\"og:locale\" content=\"it_IT\" \/>\n<meta property=\"og:type\" content=\"article\" \/>\n<meta property=\"og:title\" content=\"Dove siamo - Pjet\u00ebr Meshkalla Institute\" \/>\n<meta property=\"og:description\" content=\"La scuola \u201cAt\u00eb Pjet\u00ebr Meshkalla\u201d diretta dai Padri Gesuiti si trova all\u2019indirizzo Rruga e Jezuiteve; 4001 SHKODER-ALBANIA, a soli 100 m di distanza dal Comune della citt\u00e0 ed a 300 m dalla cattedrale di Santo Stefano. Scutari \u00e8 il capoluogo della Prefettura di Scutari e la citt\u00e0 pi\u00f9 grande della [continua...]\" \/>\n<meta property=\"og:url\" content=\"https:\/\/meshkalla.edu.al\/it\/per-conoscerci\/dove-siamo\/\" \/>\n<meta property=\"og:site_name\" content=\"Pjet\u00ebr Meshkalla Institute\" \/>\n<meta property=\"article:modified_time\" content=\"2015-12-23T21:27:47+00:00\" \/>\n<meta property=\"og:image\" content=\"https:\/\/meshkalla.edu.al\/wp-content\/uploads\/2015\/11\/geo-tag.png\" \/>\n\t<meta property=\"og:image:width\" content=\"250\" \/>\n\t<meta property=\"og:image:height\" content=\"250\" \/>\n\t<meta property=\"og:image:type\" content=\"image\/png\" \/>\n<meta name=\"twitter:card\" content=\"summary_large_image\" \/>\n<meta name=\"twitter:label1\" content=\"Tempo di lettura stimato\" \/>\n\t<meta name=\"twitter:data1\" content=\"2 minuti\" \/>\n<script type=\"application\/ld+json\" class=\"yoast-schema-graph\">{\"@context\":\"https:\/\/schema.org\",\"@graph\":[{\"@type\":\"WebPage\",\"@id\":\"https:\/\/meshkalla.edu.al\/it\/per-conoscerci\/dove-siamo\/\",\"url\":\"https:\/\/meshkalla.edu.al\/it\/per-conoscerci\/dove-siamo\/\",\"name\":\"Dove siamo - Pjet\u00ebr Meshkalla Institute\",\"isPartOf\":{\"@id\":\"https:\/\/meshkalla.edu.al\/#website\"},\"primaryImageOfPage\":{\"@id\":\"https:\/\/meshkalla.edu.al\/it\/per-conoscerci\/dove-siamo\/#primaryimage\"},\"image\":{\"@id\":\"https:\/\/meshkalla.edu.al\/it\/per-conoscerci\/dove-siamo\/#primaryimage\"},\"thumbnailUrl\":\"https:\/\/meshkalla.edu.al\/wp-content\/uploads\/2015\/11\/geo-tag.png\",\"datePublished\":\"2015-03-12T12:11:08+00:00\",\"dateModified\":\"2015-12-23T21:27:47+00:00\",\"breadcrumb\":{\"@id\":\"https:\/\/meshkalla.edu.al\/it\/per-conoscerci\/dove-siamo\/#breadcrumb\"},\"inLanguage\":\"it-IT\",\"potentialAction\":[{\"@type\":\"ReadAction\",\"target\":[\"https:\/\/meshkalla.edu.al\/it\/per-conoscerci\/dove-siamo\/\"]}]},{\"@type\":\"ImageObject\",\"inLanguage\":\"it-IT\",\"@id\":\"https:\/\/meshkalla.edu.al\/it\/per-conoscerci\/dove-siamo\/#primaryimage\",\"url\":\"https:\/\/meshkalla.edu.al\/wp-content\/uploads\/2015\/11\/geo-tag.png\",\"contentUrl\":\"https:\/\/meshkalla.edu.al\/wp-content\/uploads\/2015\/11\/geo-tag.png\",\"width\":250,\"height\":250},{\"@type\":\"BreadcrumbList\",\"@id\":\"https:\/\/meshkalla.edu.al\/it\/per-conoscerci\/dove-siamo\/#breadcrumb\",\"itemListElement\":[{\"@type\":\"ListItem\",\"position\":1,\"name\":\"Home\",\"item\":\"https:\/\/meshkalla.edu.al\/\"},{\"@type\":\"ListItem\",\"position\":2,\"name\":\"Per conoscerci\",\"item\":\"https:\/\/meshkalla.edu.al\/it\/per-conoscerci\/\"},{\"@type\":\"ListItem\",\"position\":3,\"name\":\"Dove siamo\"}]},{\"@type\":\"WebSite\",\"@id\":\"https:\/\/meshkalla.edu.al\/#website\",\"url\":\"https:\/\/meshkalla.edu.al\/\",\"name\":\"Pjet\u00ebr Meshkalla Institute\",\"description\":\"School of the GesuitiEducazione Network\",\"potentialAction\":[{\"@type\":\"SearchAction\",\"target\":{\"@type\":\"EntryPoint\",\"urlTemplate\":\"https:\/\/meshkalla.edu.al\/?s={search_term_string}\"},\"query-input\":{\"@type\":\"PropertyValueSpecification\",\"valueRequired\":true,\"valueName\":\"search_term_string\"}}],\"inLanguage\":\"it-IT\"}]}<\/script>\n<!-- \/ Yoast SEO plugin. -->","yoast_head_json":{"title":"Dove siamo - Pjet\u00ebr Meshkalla Institute","robots":{"index":"index","follow":"follow","max-snippet":"max-snippet:-1","max-image-preview":"max-image-preview:large","max-video-preview":"max-video-preview:-1"},"canonical":"https:\/\/meshkalla.edu.al\/it\/per-conoscerci\/dove-siamo\/","og_locale":"it_IT","og_type":"article","og_title":"Dove siamo - Pjet\u00ebr Meshkalla Institute","og_description":"La scuola \u201cAt\u00eb Pjet\u00ebr Meshkalla\u201d diretta dai Padri Gesuiti si trova all\u2019indirizzo Rruga e Jezuiteve; 4001 SHKODER-ALBANIA, a soli 100 m di distanza dal Comune della citt\u00e0 ed a 300 m dalla cattedrale di Santo Stefano. Scutari \u00e8 il capoluogo della Prefettura di Scutari e la citt\u00e0 pi\u00f9 grande della [continua...]","og_url":"https:\/\/meshkalla.edu.al\/it\/per-conoscerci\/dove-siamo\/","og_site_name":"Pjet\u00ebr Meshkalla Institute","article_modified_time":"2015-12-23T21:27:47+00:00","og_image":[{"width":250,"height":250,"url":"https:\/\/meshkalla.edu.al\/wp-content\/uploads\/2015\/11\/geo-tag.png","type":"image\/png"}],"twitter_card":"summary_large_image","twitter_misc":{"Tempo di lettura stimato":"2 minuti"},"schema":{"@context":"https:\/\/schema.org","@graph":[{"@type":"WebPage","@id":"https:\/\/meshkalla.edu.al\/it\/per-conoscerci\/dove-siamo\/","url":"https:\/\/meshkalla.edu.al\/it\/per-conoscerci\/dove-siamo\/","name":"Dove siamo - Pjet\u00ebr Meshkalla Institute","isPartOf":{"@id":"https:\/\/meshkalla.edu.al\/#website"},"primaryImageOfPage":{"@id":"https:\/\/meshkalla.edu.al\/it\/per-conoscerci\/dove-siamo\/#primaryimage"},"image":{"@id":"https:\/\/meshkalla.edu.al\/it\/per-conoscerci\/dove-siamo\/#primaryimage"},"thumbnailUrl":"https:\/\/meshkalla.edu.al\/wp-content\/uploads\/2015\/11\/geo-tag.png","datePublished":"2015-03-12T12:11:08+00:00","dateModified":"2015-12-23T21:27:47+00:00","breadcrumb":{"@id":"https:\/\/meshkalla.edu.al\/it\/per-conoscerci\/dove-siamo\/#breadcrumb"},"inLanguage":"it-IT","potentialAction":[{"@type":"ReadAction","target":["https:\/\/meshkalla.edu.al\/it\/per-conoscerci\/dove-siamo\/"]}]},{"@type":"ImageObject","inLanguage":"it-IT","@id":"https:\/\/meshkalla.edu.al\/it\/per-conoscerci\/dove-siamo\/#primaryimage","url":"https:\/\/meshkalla.edu.al\/wp-content\/uploads\/2015\/11\/geo-tag.png","contentUrl":"https:\/\/meshkalla.edu.al\/wp-content\/uploads\/2015\/11\/geo-tag.png","width":250,"height":250},{"@type":"BreadcrumbList","@id":"https:\/\/meshkalla.edu.al\/it\/per-conoscerci\/dove-siamo\/#breadcrumb","itemListElement":[{"@type":"ListItem","position":1,"name":"Home","item":"https:\/\/meshkalla.edu.al\/"},{"@type":"ListItem","position":2,"name":"Per conoscerci","item":"https:\/\/meshkalla.edu.al\/it\/per-conoscerci\/"},{"@type":"ListItem","position":3,"name":"Dove siamo"}]},{"@type":"WebSite","@id":"https:\/\/meshkalla.edu.al\/#website","url":"https:\/\/meshkalla.edu.al\/","name":"Pjet\u00ebr Meshkalla Institute","description":"School of the GesuitiEducazione Network","potentialAction":[{"@type":"SearchAction","target":{"@type":"EntryPoint","urlTemplate":"https:\/\/meshkalla.edu.al\/?s={search_term_string}"},"query-input":{"@type":"PropertyValueSpecification","valueRequired":true,"valueName":"search_term_string"}}],"inLanguage":"it-IT"}]}},"_links":{"self":[{"href":"https:\/\/meshkalla.edu.al\/it\/wp-json\/wp\/v2\/pages\/50"}],"collection":[{"href":"https:\/\/meshkalla.edu.al\/it\/wp-json\/wp\/v2\/pages"}],"about":[{"href":"https:\/\/meshkalla.edu.al\/it\/wp-json\/wp\/v2\/types\/page"}],"author":[{"embeddable":true,"href":"https:\/\/meshkalla.edu.al\/it\/wp-json\/wp\/v2\/users\/45"}],"replies":[{"embeddable":true,"href":"https:\/\/meshkalla.edu.al\/it\/wp-json\/wp\/v2\/comments?post=50"}],"version-history":[{"count":3,"href":"https:\/\/meshkalla.edu.al\/it\/wp-json\/wp\/v2\/pages\/50\/revisions"}],"predecessor-version":[{"id":1473,"href":"https:\/\/meshkalla.edu.al\/it\/wp-json\/wp\/v2\/pages\/50\/revisions\/1473"}],"up":[{"embeddable":true,"href":"https:\/\/meshkalla.edu.al\/it\/wp-json\/wp\/v2\/pages\/42"}],"wp:featuredmedia":[{"embeddable":true,"href":"https:\/\/meshkalla.edu.al\/it\/wp-json\/wp\/v2\/media\/1072"}],"wp:attachment":[{"href":"https:\/\/meshkalla.edu.al\/it\/wp-json\/wp\/v2\/media?parent=50"}],"curies":[{"name":"wp","href":"https:\/\/api.w.org\/{rel}","templated":true}]}}