{"id":508,"date":"2015-11-08T17:10:26","date_gmt":"2015-11-08T16:10:26","guid":{"rendered":"http:\/\/meshkalla.gesuiti.it\/?page_id=508"},"modified":"2015-12-23T23:36:48","modified_gmt":"2015-12-23T22:36:48","slug":"formazione-docenti","status":"publish","type":"page","link":"https:\/\/meshkalla.edu.al\/it\/proposta-formativa\/formazione-docenti\/","title":{"rendered":"Formazione docenti"},"content":{"rendered":"<p>La formazione continua del nostro staff pedagogico \u00e8 da sempre una priorit\u00e0, poich\u00e9 tramite gli insegnanti possiamo trasmettere la filosofia ignaziana ai nostri allievi, e per loro tramite ai genitori.<\/p>\n<p>In ordine a una maggior efficacia educativa, tenendo conto anche le necessita odierne, tutti gli insegnanti ottengono continuamente nuove qualificazioni in merito alle loro competenze tecniche e pedagogiche, alle riforme ministeriali e alla legislazione. Importante per la formazione dello staff sono anche gli incontri con altre scuole per scambi di esperienze, tra cui si possono menzionare gli incontri organizzati in Italia, Polonia e Kosovo e in altre scuole europee. La formazione del nostro staff si divide in due aspetti, la formazione pedagogico-didattica e la formazione sociale-spirituale.<\/p>\n<p>La formazione degli insegnanti cominci\u00f2 gi\u00e0 negli anni 1994-1995 sotto la guida dei Padri Gesuiti, che presentarono loro le caratteristiche della pedagogia degli Gesuiti e alcuni tra i mezzi pi\u00f9 efficaci per venire incontro alla necessit\u00e0 di conoscenza e di formazione dei giovani \u00a0che si confrontavano con realt\u00e0 di un nuovo mondo.<\/p>\n<p>Negli anni 1995 e 1996 la formazione continu\u00f2 con laboratori didattici sul \u201cprocesso di crescita ed educazione degli allievi\u201d derivante da uno dei criteri principali della pedagogia ignaziana: la\u201ccura personalis\u201d<\/p>\n<p>Negli anni 1996-1997, 1998-1999, 2003-2004 si lavor\u00f2 su i 5 punti base della pedagogia ignaziana: il contesto, l\u2019esperienza, la riflessione, l\u2019azione e la valutazione. La pedagogia ignaziana \u00e8 anche alla base del progetto educativo ideato dalla scuola e della strategia della domanda come mezzo didattico nel lavoro quotidiano.<\/p>\n<p>Nel anno 1997-1998 il seminario di formazione fu su \u201cAspetti e criteri di valutazione dell\u2019attivit\u00e0 scolastica\u201d<\/p>\n<p>Negli anni 1999-2000 lavor\u00f2 su \u201cPraelectio e Repetitio\u201d come mezzi didattico di un insegnante contemporaneo. \u00a0Cosi, \u201cpraelectio\u201d \u00e8 una strategia didattica dove l\u2019allievo, basandosi su quello che ha vissuto e conosciuto, attraverso una serie di domande, mezzi audiovisivi e lavori di gruppo viene motivato a studiare; ci\u00f2 ha il pregio di rendere le lezioni \u00a0pi\u00f9 significative ed attive. \u201cRepetitio\u201d \u00e8 una strategia didattica tramite la quale aiutare gli allievi ad assorbire le conoscenze in modi sempre pi\u00f9 ricchi e articolati, portando cambiamenti profondi sull\u2019insegnamento.<\/p>\n<p>Negli anni 2001-2002, 2002-2003 si lavor\u00f2 sull\u2019analisi transazionale come mezzo per conoscere meglio se stessi e gli allievi; l\u2019analisi transazionale aiuta inoltre gli insegnanti a gestire in modo pi\u00f9 adeguato le relazione con gli allievi e i colleghi.<\/p>\n<p>Come parte della formazione sociale e spirituale, per qualche anno si \u00e8 lavorato sull\u2019Autobiografia di San Ignazio di Loyola, fondatore i ispiratore della Compagnia di Ges\u00f9. Gruppi di insegnanti hanno fatto delle esperienze di riflessione e comunicazione sulla missione educativa degli insegnanti.<\/p>\n<p>Un esperienza molto produttiva \u00e8 stata quella degli esercizi spirituali, svolti negli anni 2006 \u00a0e 2008. Gli esercizi spirituali sono un stimolo per usare non soltanto l\u2019intelligenza ma anche l\u2019immaginazione e gli sentimenti.<\/p>\n<p>Negli anni 2006-2007, 2007-2008, 2008-2009, 2009-2010, la formazione continu\u00f2 con il lavoro in due gruppi \u201cseniores e juniores\u201d \u00a0ad anni alterni. I temi da discutere riguardavano il lavoro e la professione dell\u2019insegniante come \u201cMissione di condivisione e servizio\u201d, \u201cLa cooperazione tra \u00a0gesuiti e laici\u201d, \u201cL\u2019identit\u00e0 umana e professionale\u201d e \u201cSant\u2019Ignazio e la sua missione educativa\u201d.<\/p>\n<p>Negli anni \u00a02011-2012, 2012-2013, 2013-2014 e 2014-2015 sono stati organizzati incontri formativi per gli insegnanti super-juniores, con i quali si \u00e8 discusso di \u201c La vita di Sant\u2019Ignazio e introduzione nella Pedagogia Ignaziana\u201d, e si \u00e8 proseguito con \u201cIl contesto personale degli alievi: stili di apprendimento e intelligenza multipla, sviluppo morale\u201d, \u201cEsperienza e praelectio\u201d, \u201cLe categorie di Flanders\u201d, \u201cGli ostacoli nella communicazione\u201d e infine con \u201cLa riflessione: repetitio e intervento tutoriale\u201d.<\/p>\n<p>Durante gli anni 2012-2013 e 2013-2014 si sono tenuti incontri formativi per tutti gli insegnanti della scuola, con i quali si e lavorato su \u201cCura personalis\u201d e su \u201cValutazione e autovalutazione della scuola\u201d<\/p>\n<p>Con la convinzione che la formazione continua \u00e8 un mezzo primario, e basandoci sui risultati che questi seminari di formazione hanno portato in termini di crescita di competenze culturali, psicologiche, pedagogiche, estimative, come anche in termini di creativit\u00e0 e apertura, continuiamo a portare avanti il progetto di un insegnante competente nella sua materia e nella formazione di \u201cuomini per gli altri\u201d.<\/p>\n","protected":false},"excerpt":{"rendered":"<p>La formazione continua del nostro staff pedagogico \u00e8 da sempre una priorit\u00e0, poich\u00e9 tramite gli insegnanti possiamo trasmettere la filosofia ignaziana ai nostri allievi, e per loro tramite ai genitori. In ordine a una maggior efficacia educativa, tenendo conto anche le necessita odierne, tutti gli insegnanti ottengono continuamente nuove qualificazioni<a class=\"continua\" href=\"https:\/\/meshkalla.edu.al\/it\/proposta-formativa\/formazione-docenti\/\"> [continua&#8230;]<\/a><\/p>\n","protected":false},"author":45,"featured_media":1084,"parent":30,"menu_order":0,"comment_status":"closed","ping_status":"closed","template":"","meta":{"footnotes":""},"class_list":["post-508","page","type-page","status-publish","has-post-thumbnail","hentry"],"yoast_head":"<!-- This site is optimized with the Yoast SEO plugin v25.6 - https:\/\/yoast.com\/wordpress\/plugins\/seo\/ -->\n<title>Formazione docenti - Pjet\u00ebr Meshkalla Institute<\/title>\n<meta name=\"robots\" content=\"index, follow, max-snippet:-1, max-image-preview:large, max-video-preview:-1\" \/>\n<link rel=\"canonical\" href=\"https:\/\/meshkalla.edu.al\/it\/proposta-formativa\/formazione-docenti\/\" \/>\n<meta property=\"og:locale\" content=\"it_IT\" \/>\n<meta property=\"og:type\" content=\"article\" \/>\n<meta property=\"og:title\" content=\"Formazione docenti - Pjet\u00ebr Meshkalla Institute\" \/>\n<meta property=\"og:description\" content=\"La formazione continua del nostro staff pedagogico \u00e8 da sempre una priorit\u00e0, poich\u00e9 tramite gli insegnanti possiamo trasmettere la filosofia ignaziana ai nostri allievi, e per loro tramite ai genitori. In ordine a una maggior efficacia educativa, tenendo conto anche le necessita odierne, tutti gli insegnanti ottengono continuamente nuove qualificazioni [continua...]\" \/>\n<meta property=\"og:url\" content=\"https:\/\/meshkalla.edu.al\/it\/proposta-formativa\/formazione-docenti\/\" \/>\n<meta property=\"og:site_name\" content=\"Pjet\u00ebr Meshkalla Institute\" \/>\n<meta property=\"article:modified_time\" content=\"2015-12-23T22:36:48+00:00\" \/>\n<meta property=\"og:image\" content=\"https:\/\/meshkalla.edu.al\/wp-content\/uploads\/2015\/11\/11061166_650321708434961_4010876369385682550_o1.jpg\" \/>\n\t<meta property=\"og:image:width\" content=\"460\" \/>\n\t<meta property=\"og:image:height\" content=\"345\" \/>\n\t<meta property=\"og:image:type\" content=\"image\/jpeg\" \/>\n<meta name=\"twitter:card\" content=\"summary_large_image\" \/>\n<meta name=\"twitter:label1\" content=\"Tempo di lettura stimato\" \/>\n\t<meta name=\"twitter:data1\" content=\"3 minuti\" \/>\n<script type=\"application\/ld+json\" class=\"yoast-schema-graph\">{\"@context\":\"https:\/\/schema.org\",\"@graph\":[{\"@type\":\"WebPage\",\"@id\":\"https:\/\/meshkalla.edu.al\/it\/proposta-formativa\/formazione-docenti\/\",\"url\":\"https:\/\/meshkalla.edu.al\/it\/proposta-formativa\/formazione-docenti\/\",\"name\":\"Formazione docenti - Pjet\u00ebr Meshkalla Institute\",\"isPartOf\":{\"@id\":\"https:\/\/meshkalla.edu.al\/#website\"},\"primaryImageOfPage\":{\"@id\":\"https:\/\/meshkalla.edu.al\/it\/proposta-formativa\/formazione-docenti\/#primaryimage\"},\"image\":{\"@id\":\"https:\/\/meshkalla.edu.al\/it\/proposta-formativa\/formazione-docenti\/#primaryimage\"},\"thumbnailUrl\":\"https:\/\/meshkalla.edu.al\/wp-content\/uploads\/2015\/11\/11061166_650321708434961_4010876369385682550_o1.jpg\",\"datePublished\":\"2015-11-08T16:10:26+00:00\",\"dateModified\":\"2015-12-23T22:36:48+00:00\",\"breadcrumb\":{\"@id\":\"https:\/\/meshkalla.edu.al\/it\/proposta-formativa\/formazione-docenti\/#breadcrumb\"},\"inLanguage\":\"it-IT\",\"potentialAction\":[{\"@type\":\"ReadAction\",\"target\":[\"https:\/\/meshkalla.edu.al\/it\/proposta-formativa\/formazione-docenti\/\"]}]},{\"@type\":\"ImageObject\",\"inLanguage\":\"it-IT\",\"@id\":\"https:\/\/meshkalla.edu.al\/it\/proposta-formativa\/formazione-docenti\/#primaryimage\",\"url\":\"https:\/\/meshkalla.edu.al\/wp-content\/uploads\/2015\/11\/11061166_650321708434961_4010876369385682550_o1.jpg\",\"contentUrl\":\"https:\/\/meshkalla.edu.al\/wp-content\/uploads\/2015\/11\/11061166_650321708434961_4010876369385682550_o1.jpg\",\"width\":460,\"height\":345},{\"@type\":\"BreadcrumbList\",\"@id\":\"https:\/\/meshkalla.edu.al\/it\/proposta-formativa\/formazione-docenti\/#breadcrumb\",\"itemListElement\":[{\"@type\":\"ListItem\",\"position\":1,\"name\":\"Home\",\"item\":\"https:\/\/meshkalla.edu.al\/\"},{\"@type\":\"ListItem\",\"position\":2,\"name\":\"Proposta formativa\",\"item\":\"https:\/\/meshkalla.edu.al\/it\/proposta-formativa\/\"},{\"@type\":\"ListItem\",\"position\":3,\"name\":\"Formazione docenti\"}]},{\"@type\":\"WebSite\",\"@id\":\"https:\/\/meshkalla.edu.al\/#website\",\"url\":\"https:\/\/meshkalla.edu.al\/\",\"name\":\"Pjet\u00ebr Meshkalla Institute\",\"description\":\"School of the GesuitiEducazione Network\",\"potentialAction\":[{\"@type\":\"SearchAction\",\"target\":{\"@type\":\"EntryPoint\",\"urlTemplate\":\"https:\/\/meshkalla.edu.al\/?s={search_term_string}\"},\"query-input\":{\"@type\":\"PropertyValueSpecification\",\"valueRequired\":true,\"valueName\":\"search_term_string\"}}],\"inLanguage\":\"it-IT\"}]}<\/script>\n<!-- \/ Yoast SEO plugin. -->","yoast_head_json":{"title":"Formazione docenti - Pjet\u00ebr Meshkalla Institute","robots":{"index":"index","follow":"follow","max-snippet":"max-snippet:-1","max-image-preview":"max-image-preview:large","max-video-preview":"max-video-preview:-1"},"canonical":"https:\/\/meshkalla.edu.al\/it\/proposta-formativa\/formazione-docenti\/","og_locale":"it_IT","og_type":"article","og_title":"Formazione docenti - Pjet\u00ebr Meshkalla Institute","og_description":"La formazione continua del nostro staff pedagogico \u00e8 da sempre una priorit\u00e0, poich\u00e9 tramite gli insegnanti possiamo trasmettere la filosofia ignaziana ai nostri allievi, e per loro tramite ai genitori. In ordine a una maggior efficacia educativa, tenendo conto anche le necessita odierne, tutti gli insegnanti ottengono continuamente nuove qualificazioni [continua...]","og_url":"https:\/\/meshkalla.edu.al\/it\/proposta-formativa\/formazione-docenti\/","og_site_name":"Pjet\u00ebr Meshkalla Institute","article_modified_time":"2015-12-23T22:36:48+00:00","og_image":[{"width":460,"height":345,"url":"https:\/\/meshkalla.edu.al\/wp-content\/uploads\/2015\/11\/11061166_650321708434961_4010876369385682550_o1.jpg","type":"image\/jpeg"}],"twitter_card":"summary_large_image","twitter_misc":{"Tempo di lettura stimato":"3 minuti"},"schema":{"@context":"https:\/\/schema.org","@graph":[{"@type":"WebPage","@id":"https:\/\/meshkalla.edu.al\/it\/proposta-formativa\/formazione-docenti\/","url":"https:\/\/meshkalla.edu.al\/it\/proposta-formativa\/formazione-docenti\/","name":"Formazione docenti - Pjet\u00ebr Meshkalla Institute","isPartOf":{"@id":"https:\/\/meshkalla.edu.al\/#website"},"primaryImageOfPage":{"@id":"https:\/\/meshkalla.edu.al\/it\/proposta-formativa\/formazione-docenti\/#primaryimage"},"image":{"@id":"https:\/\/meshkalla.edu.al\/it\/proposta-formativa\/formazione-docenti\/#primaryimage"},"thumbnailUrl":"https:\/\/meshkalla.edu.al\/wp-content\/uploads\/2015\/11\/11061166_650321708434961_4010876369385682550_o1.jpg","datePublished":"2015-11-08T16:10:26+00:00","dateModified":"2015-12-23T22:36:48+00:00","breadcrumb":{"@id":"https:\/\/meshkalla.edu.al\/it\/proposta-formativa\/formazione-docenti\/#breadcrumb"},"inLanguage":"it-IT","potentialAction":[{"@type":"ReadAction","target":["https:\/\/meshkalla.edu.al\/it\/proposta-formativa\/formazione-docenti\/"]}]},{"@type":"ImageObject","inLanguage":"it-IT","@id":"https:\/\/meshkalla.edu.al\/it\/proposta-formativa\/formazione-docenti\/#primaryimage","url":"https:\/\/meshkalla.edu.al\/wp-content\/uploads\/2015\/11\/11061166_650321708434961_4010876369385682550_o1.jpg","contentUrl":"https:\/\/meshkalla.edu.al\/wp-content\/uploads\/2015\/11\/11061166_650321708434961_4010876369385682550_o1.jpg","width":460,"height":345},{"@type":"BreadcrumbList","@id":"https:\/\/meshkalla.edu.al\/it\/proposta-formativa\/formazione-docenti\/#breadcrumb","itemListElement":[{"@type":"ListItem","position":1,"name":"Home","item":"https:\/\/meshkalla.edu.al\/"},{"@type":"ListItem","position":2,"name":"Proposta formativa","item":"https:\/\/meshkalla.edu.al\/it\/proposta-formativa\/"},{"@type":"ListItem","position":3,"name":"Formazione docenti"}]},{"@type":"WebSite","@id":"https:\/\/meshkalla.edu.al\/#website","url":"https:\/\/meshkalla.edu.al\/","name":"Pjet\u00ebr Meshkalla Institute","description":"School of the GesuitiEducazione Network","potentialAction":[{"@type":"SearchAction","target":{"@type":"EntryPoint","urlTemplate":"https:\/\/meshkalla.edu.al\/?s={search_term_string}"},"query-input":{"@type":"PropertyValueSpecification","valueRequired":true,"valueName":"search_term_string"}}],"inLanguage":"it-IT"}]}},"_links":{"self":[{"href":"https:\/\/meshkalla.edu.al\/it\/wp-json\/wp\/v2\/pages\/508"}],"collection":[{"href":"https:\/\/meshkalla.edu.al\/it\/wp-json\/wp\/v2\/pages"}],"about":[{"href":"https:\/\/meshkalla.edu.al\/it\/wp-json\/wp\/v2\/types\/page"}],"author":[{"embeddable":true,"href":"https:\/\/meshkalla.edu.al\/it\/wp-json\/wp\/v2\/users\/45"}],"replies":[{"embeddable":true,"href":"https:\/\/meshkalla.edu.al\/it\/wp-json\/wp\/v2\/comments?post=508"}],"version-history":[{"count":2,"href":"https:\/\/meshkalla.edu.al\/it\/wp-json\/wp\/v2\/pages\/508\/revisions"}],"predecessor-version":[{"id":1519,"href":"https:\/\/meshkalla.edu.al\/it\/wp-json\/wp\/v2\/pages\/508\/revisions\/1519"}],"up":[{"embeddable":true,"href":"https:\/\/meshkalla.edu.al\/it\/wp-json\/wp\/v2\/pages\/30"}],"wp:featuredmedia":[{"embeddable":true,"href":"https:\/\/meshkalla.edu.al\/it\/wp-json\/wp\/v2\/media\/1084"}],"wp:attachment":[{"href":"https:\/\/meshkalla.edu.al\/it\/wp-json\/wp\/v2\/media?parent=508"}],"curies":[{"name":"wp","href":"https:\/\/api.w.org\/{rel}","templated":true}]}}